{"id":2490,"date":"2014-09-01T10:43:30","date_gmt":"2014-09-01T17:43:30","guid":{"rendered":"http:\/\/alteritas.net\/GXL\/?page_id=2490"},"modified":"2017-10-28T09:57:43","modified_gmt":"2017-10-28T16:57:43","slug":"edmonton-is-fun-after-all","status":"publish","type":"page","link":"https:\/\/alteritas.net\/GXL\/?page_id=2490","title":{"rendered":"&#8220;Edmonton is Fun After All&#8221;"},"content":{"rendered":"<p>17 August, 2009<\/p>\n<figure id=\"attachment_2491\" aria-describedby=\"caption-attachment-2491\" style=\"width: 333px\" class=\"wp-caption alignleft\"><a href=\"http:\/\/alteritas.net\/GXL\/wp-content\/uploads\/2014\/09\/shapeimage_26.png\"><img loading=\"lazy\" decoding=\"async\" class=\"size-full wp-image-2491\" src=\"http:\/\/alteritas.net\/GXL\/wp-content\/uploads\/2014\/09\/shapeimage_26.png\" alt=\"With Lou Taylor, 1970\" width=\"333\" height=\"250\" srcset=\"https:\/\/alteritas.net\/GXL\/wp-content\/uploads\/2014\/09\/shapeimage_26.png 333w, https:\/\/alteritas.net\/GXL\/wp-content\/uploads\/2014\/09\/shapeimage_26-300x225.png 300w\" sizes=\"auto, (max-width: 333px) 100vw, 333px\" \/><\/a><figcaption id=\"caption-attachment-2491\" class=\"wp-caption-text\">With Lou Taylor, Edmonton, 1970<\/figcaption><\/figure>\n<p class=\"paragraph_style_1\" style=\"color: #ff2600;\"><span style=\"color: #0000ff;\"><em>For the 40th Anniversary of the founding of Canadian Comparative Literature Association, I was invited to talk briefly on the early years of the discipline in Canada.\u00a0My speaking notes were revised for publication in the\u00a0<\/em><span class=\"style_1\">Canadian Review of Comparative Literature<\/span><em>. It eventually appeared as\u00a0&#8220;Edmonton is Fun, After All&#8221;.\u00a0<\/em>\u00a0Canadian Review of Comparative Literature<em> [special issue: 40 Years in the Discipline of Comparative Literature in Canada], 36.2, pp. \u00a0178-181.<\/em><\/span><\/p>\n<p class=\"paragraph_style_3\" style=\"color: #000000;\">I started my Ph.D. at the University of Alberta in 1969, so I belong to the first cohort fully trained in Comparative Literature in Canada.\u00a0 As Emily Apter observed, the preceding generation of comparatists in North America, my professors and mentors among them, were mostly European \u00e9migr\u00e9s who had fled or survived fascism and\/or communism. They brought with them something largely lacking on this continent, a tradition of multilingual learning in the mainstream European languages, English, French, German, Russian, sometimes Italian or Spanish.\u00a0 Latin and knowledge of the classics was a given, though reference to it was often pro forma.<\/p>\n<p class=\"paragraph_style_3\" style=\"color: #000000;\">It follows that the premises and the program of Canadian Comparative Literature echoed those formulated within European comparatism stretching back to Mme de Sta\u00ebl and Goethe. The moral imperative of that European discipline was to supercede the waves of literary nationalism which had arisen in the eighteenth century when the whole continent was caught up in the creation of Nation-States, often imperial identities to boot.\u00a0Although we were taught that literature was only one among the arts, that high literacy was often derived from oral or popular traditions, and that there were numerous lesser languages other than the big three or four, our focus and the main matter of our studies were the Great Books, the canons of each major European literature.\u00a0World literature, as we read it, was first and foremost a selection of the masterpieces of Europe, with the occasional non-European classic thrown in for good measure.<\/p>\n<p class=\"paragraph_style_3\" style=\"color: #000000;\">Remember, I am speaking of 1969 and of the program which was transmitted to us by our seniors. Those of us who were what we would now call \u201cnewbies\u201d were ourselves children of the sixties. We were not radical enough to have dropped out, but most of us had turned on, had inhaled, and were tuning in to new realities, of which here is a short list. We knew that the medium was the message. The Vietnam War was in full tear, and opposition to it was a\u00a0<span class=\"style_2\" style=\"font-style: italic;\">rite de passage<\/span>\u00a0for many.\u00a0 The world we saw was much wider than Europe or the United States and, to be sure, Canada, especially Edmonton. Both CanLit and\u00a0<span class=\"style_2\" style=\"font-style: italic;\">la litt\u00e9rature qu\u00e9b\u00e9coise<\/span>\u00a0were just taking institutional academic shape. In what was then called the Third World, new Nation-States were emerging.\u00a0 Indeed, one trope of the time was \u201cemerging literatures.\u201d In my case, I had spent two years prior to graduate school in Africa. My own PhD, defended in 1976, was one of the first in North America to treat African literature. The\u00a0<span class=\"style_1\" style=\"font-style: italic;\">African Literature Association<\/span>, of which I remain a member, had been founded the preceding year.<\/p>\n<p class=\"paragraph_style_3\" style=\"color: #000000;\">In other words, even those of us who had chosen the academic life, the ivory tower, were torn between Rimbaud\u2019s\u00a0<span class=\"style_2\" style=\"font-style: italic;\">changer la vie<\/span>, and Marx\u2019s\u00a0<span class=\"style_2\" style=\"font-style: italic;\">transformer le monde<\/span>. It was from this perspective that my generation began to study comparative literature,<\/p>\n<p class=\"paragraph_style_3\" style=\"color: #000000;\">Let me try to recall the main elements of the discipline we were expected to learn by referring to two seminars I took in 1969.<\/p>\n<p class=\"paragraph_style_3\" style=\"color: #000000;\">The centerpiece of Milan Dimic\u2019s course on Comp Lit Methdology was Ren\u00e9 Wellek\u2019s<span class=\"style_2\" style=\"font-style: italic;\">Theory of Literature<\/span>, though there was a module devoted to bibliographical sources and the library research techniques available at that time (no computers). We were taught that there were two main schools of Comp Lit, the \u201cAmerican\u201d and the \u201cFrench\u201d, aside of course from the Soviet school.<\/p>\n<p class=\"paragraph_style_3\" style=\"color: #000000;\">Milan had ambiguous attitudes toward Marxism, but insisted that we master its precepts, to the point that the next year he invited Gyorgy Vajda from Budapest as Guest Professor in Marxist Esthetics. At that moment in history, we had no inkling that a large part of the world would\u00a0<span style=\"text-decoration: underline;\"><span class=\"style_3\">not<\/span><\/span>\u00a0be Marxist in doctrine. Many young rebels, like myself, reveled in adopting Marxist postures,\u00a0<span class=\"style_2\" style=\"font-style: italic;\">ceci pour \u00e9pater les bourgeois<\/span>.<\/p>\n<p class=\"paragraph_style_3\" style=\"color: #000000;\">The French School, we were informed, was the default methodology, the strict study of direct influence of one author on another across the boundary of national languages. You will recognize the template: Byron and Pushkin, Nerval and Heine, Nietzsche and Stringberg, etc. The American School, on the other hand, was more open, both to the relationship between Literature and the other Arts, and to comparison which was not restricted to strict empirically attested cases of influence. Underlying all these methodological considerations was the theoretical platform upon which Wellek based his own work, the Russian formalists of the 1920s, plus those scholars whose work derived in one way or another from the impact of early twentieth century linguistics, in the first instance de Saussure. But there were other currents, the literary phenomenology of Roman Ingarden being particularly influential.<\/p>\n<p class=\"paragraph_style_3\" style=\"color: #000000;\">Since my second working language was French, I was especially attuned to developments in Paris.\u00a0 At that time structuralism was in full bloom, though Milan liked to remind us that L\u00e9vi-Strauss had been preceded by Vladimir Propp, and that Roland Barthes had built on foundations laid by the Russian formalists. I remember, during the year I spent in Paris in the early 1970s, running across the early works of Derrida and Deleuze, and not knowing exactly how to place them. It was quite a leap from structuralism to what became known only a few years later as \u201cpost-structuralism\u201d.\u00a0 We couldn&#8217;t, at that time, imagine that there would be a\u00a0<span class=\"style_2\" style=\"font-style: italic;\">post<\/span>-structuralism.\u00a0 Similarly, modernism had no \u201cpost-\u201d before it, that is to say nothing coming after it. The same could be said about \u201ccolonialism\u201d. The literary realm soon to be known as \u201cpoco\u201d was still studied under the rubric of \u201cCommonwealth Literature\u201d. We knew there were non-European works\u00a0<span class=\"style_2\" style=\"font-style: italic;\">d\u2019expression fran\u00e7aise<\/span>, but\u00a0<span class=\"style_2\" style=\"font-style: italic;\">la francophonie<\/span>\u00a0had not been invented, its name forged and applied beyond the realm of imperial (hexagonal) French cultural policies. \u201cCultural studies\u201d would have seemed a clumsy neologism, the purpose of which was yet to be devined. \u201cFeminism\u201d, if the word was even uttered, would have evoked fashion and make-up, Coco Chanel.<\/p>\n<p class=\"paragraph_style_3\" style=\"color: #000000;\">As I look back at my own intellectual trajectory, a steady constant I find was a single essay by Roman Jacobson, \u201cLinguistics and Poetics\u201d. I remember my own dissertation supervisor, Juan Ferrat\u00e9, spending weeks on it during his Seminar on Poetics. He wanted to make sure that we got the full implication of the Jakobsonian precept that the poetic function of a message is its primary reference back to itself, the referential function being, as he loved to say, \u201cheld in abeyance\u201d. This occurs, he would repeat, when the \u201cprincipal of equivalence\u201d is extended from the vertical axis of paradigmatic or synchronic selection to the horizontal, diachronic one of syntagmatic combination and permutation. Or something like that.<\/p>\n<p class=\"paragraph_style_3\" style=\"color: #000000;\">I was thus not only a child of the sixties, but a product of what became the \u201clinguistic turn\u201d.<\/p>\n<p class=\"paragraph_style_3\" style=\"color: #000000;\">Two, almost three generations later, that linguistic turn has borne fruit in ways we can now see around us, though you will note that there is very little of what I have described explicit in the topics presented at Canadian Comparative Literature Association meetig at Carleton University in 2009 [for which this text was composed, GL]. The old terminology, our jargon, has been almost all \u201cerased\u201d.<\/p>\n<p class=\"paragraph_style_3\" style=\"color: #000000;\">I consider myself a lucky man. Comparative Literature as it was practiced in Canada its early years opened many doors for me. Much of my own research trailed off into linguistics, in my case creolistics and the study of the micro-cultures contained in and conveyed by creole languages. Yet it has always been shaped by the moral imperative of European comparatism mentioned above: superceding not just narrow nationalism, but ethnolinguistic and ethnocentric bias in all its forms.<\/p>\n<p class=\"paragraph_style_3\" style=\"color: #000000;\">Let me conclude with an anecdote, one which exemplifies one more striking change in our academic mores. Juan Ferrat\u00e9 used to carry two packages of\u00a0<span class=\"style_2\" style=\"font-style: italic;\">gitanes bleues<\/span>\u00a0into our seminars, and work his way through them over the next three hours. Our seminars were choked with smoke. Juan, a difficult individual for whom I had the greatest respect and affection, was one of those European \u00e9migr\u00e9s, having, in his case, escaped just in the nick of time from the hardening of the Castro r\u00e9gime. In Edmonton, he continued to lead a double life, since the centre of his world remained Barcelona and his role as editor with the publisher Seix Barral.\u00a0Last November in Paris I had the chance to stumble across a volume of letters Juan edited, those of his brother the Catalan poet Gabriel Ferrater (<em><span class=\"style_7\">Papers, Cartes, Paraules<\/span><\/em><span class=\"style_8\">.\u00a0 A cura de Joan Ferrat\u00e9. Barcelona: Edicions dels Quaderns Crema, 1986, p. 458.)\u00a0<\/span><\/p>\n<p class=\"paragraph_style_3\" style=\"color: #000000;\">You can imagine my joy when I ran across one of his own letters back to his brother describing Edmonton at the very time I was puffing Gitanes alongside him.\u00a0After recounting his intellectual work at the time &#8212; yes, Jacobson was at the centre of his preoccupations &#8212; Juan switched from Catalan to insert a phrase in English, a language his brother also knew and used: \u201c<span class=\"style_2\" style=\"font-style: italic;\">No tinc lates obsessives precisament perqu\u00e8 no tinc gaireb\u00e9 cap relaci\u00f3 amb ning\u00fa que no siguin els estudiants i dos o tres collegues<\/span>. Edmonton is fun, after all\u201d.<\/p>\n<p class=\"paragraph_style_3\" style=\"color: #000000;\">I can\u2019t agree more with this assessment of Edmonton in 1969.\u00a0 Like Juan Ferrat\u00e9, none of us were afflicted with \u201cbothersome pests\u201d since, like him, we hardly had relations with anyone other than students, plus one or two colleagues. It was our own Latin Quarter. Our only distractions were smoky taverns.\u00a0It was a great place to study!<\/p>\n<p>&nbsp;<\/p>\n<p class=\"paragraph_style_5\" style=\"color: #000000;\">\n<div class=\"likebtn_container\" style=\"\"><!-- LikeBtn.com BEGIN --><span class=\"likebtn-wrapper\"  data-identifier=\"page_2490\"  data-site_id=\"56b78e2ba4c688a2131dca0b\"  data-style=\"\"  data-unlike_allowed=\"\"  data-show_copyright=\"\"  data-item_url=\"https:\/\/alteritas.net\/GXL\/?page_id=2490\"  data-item_title=\"&quot;Edmonton is Fun After All&quot;\"  data-item_date=\"2014-09-01T10:43:30-07:00\"  data-engine=\"WordPress\"  data-plugin_v=\"2.6.59\"  data-prx=\"https:\/\/alteritas.net\/GXL\/wp-admin\/admin-ajax.php?action=likebtn_prx\"  data-event_handler=\"likebtn_eh\" ><\/span><!-- LikeBtn.com END --><\/div>","protected":false},"excerpt":{"rendered":"<p>17 August, 2009 For the 40th Anniversary of the founding of Canadian Comparative Literature Association, I was invited to talk briefly on the early years of the discipline in Canada.\u00a0My speaking notes were revised for publication in the\u00a0Canadian Review of Comparative Literature. It eventually appeared as\u00a0&#8220;Edmonton is Fun, After All&#8221;.\u00a0\u00a0Canadian Review of Comparative Literature [special &hellip; <\/p>\n<p class=\"link-more\"><a href=\"https:\/\/alteritas.net\/GXL\/?page_id=2490\" class=\"more-link\">Continue reading<span class=\"screen-reader-text\"> &#8220;&#8220;Edmonton is Fun After All&#8221;&#8221;<\/span><\/a><\/p>\n<div class=\"likebtn_container\" style=\"\"><!-- LikeBtn.com BEGIN --><span class=\"likebtn-wrapper\"  data-identifier=\"page_2490\"  data-site_id=\"56b78e2ba4c688a2131dca0b\"  data-style=\"\"  data-unlike_allowed=\"\"  data-show_copyright=\"\"  data-item_url=\"https:\/\/alteritas.net\/GXL\/?page_id=2490\"  data-item_title=\"&quot;Edmonton is Fun After All&quot;\"  data-item_date=\"2014-09-01T10:43:30-07:00\"  data-engine=\"WordPress\"  data-plugin_v=\"2.6.59\"  data-prx=\"https:\/\/alteritas.net\/GXL\/wp-admin\/admin-ajax.php?action=likebtn_prx\"  data-event_handler=\"likebtn_eh\" ><\/span><!-- LikeBtn.com END --><\/div>","protected":false},"author":1,"featured_media":0,"parent":2303,"menu_order":0,"comment_status":"closed","ping_status":"closed","template":"","meta":{"footnotes":""},"class_list":["post-2490","page","type-page","status-publish","hentry"],"jetpack_sharing_enabled":true,"_links":{"self":[{"href":"https:\/\/alteritas.net\/GXL\/index.php?rest_route=\/wp\/v2\/pages\/2490","targetHints":{"allow":["GET"]}}],"collection":[{"href":"https:\/\/alteritas.net\/GXL\/index.php?rest_route=\/wp\/v2\/pages"}],"about":[{"href":"https:\/\/alteritas.net\/GXL\/index.php?rest_route=\/wp\/v2\/types\/page"}],"author":[{"embeddable":true,"href":"https:\/\/alteritas.net\/GXL\/index.php?rest_route=\/wp\/v2\/users\/1"}],"replies":[{"embeddable":true,"href":"https:\/\/alteritas.net\/GXL\/index.php?rest_route=%2Fwp%2Fv2%2Fcomments&post=2490"}],"version-history":[{"count":8,"href":"https:\/\/alteritas.net\/GXL\/index.php?rest_route=\/wp\/v2\/pages\/2490\/revisions"}],"predecessor-version":[{"id":4003,"href":"https:\/\/alteritas.net\/GXL\/index.php?rest_route=\/wp\/v2\/pages\/2490\/revisions\/4003"}],"up":[{"embeddable":true,"href":"https:\/\/alteritas.net\/GXL\/index.php?rest_route=\/wp\/v2\/pages\/2303"}],"wp:attachment":[{"href":"https:\/\/alteritas.net\/GXL\/index.php?rest_route=%2Fwp%2Fv2%2Fmedia&parent=2490"}],"curies":[{"name":"wp","href":"https:\/\/api.w.org\/{rel}","templated":true}]}}