{"id":2513,"date":"2014-09-01T14:09:33","date_gmt":"2014-09-01T21:09:33","guid":{"rendered":"http:\/\/alteritas.net\/GXL\/?page_id=2513"},"modified":"2025-11-25T14:16:47","modified_gmt":"2025-11-25T22:16:47","slug":"the-death-of-a-psychanalyst","status":"publish","type":"page","link":"https:\/\/alteritas.net\/GXL\/?page_id=2513","title":{"rendered":"The Death of a Psychoanalyst"},"content":{"rendered":"<p><em><strong>In memoriam Georg Garner (1950-2003)<\/strong><\/em><\/p>\n<figure id=\"attachment_2514\" aria-describedby=\"caption-attachment-2514\" style=\"width: 270px\" class=\"wp-caption aligncenter\"><a href=\"http:\/\/alteritas.net\/GXL\/wp-content\/uploads\/2014\/09\/Georg-Sarthes.jpg\"><img loading=\"lazy\" decoding=\"async\" class=\"size-full wp-image-2514\" src=\"http:\/\/alteritas.net\/GXL\/wp-content\/uploads\/2014\/09\/Georg-Sarthes.jpg\" alt=\"Georg Garner, Sarthes, 2000\" width=\"270\" height=\"363\" srcset=\"https:\/\/alteritas.net\/GXL\/wp-content\/uploads\/2014\/09\/Georg-Sarthes.jpg 270w, https:\/\/alteritas.net\/GXL\/wp-content\/uploads\/2014\/09\/Georg-Sarthes-223x300.jpg 223w\" sizes=\"auto, (max-width: 270px) 100vw, 270px\" \/><\/a><figcaption id=\"caption-attachment-2514\" class=\"wp-caption-text\">Georg Garner, Sarthes, 2000<\/figcaption><\/figure>\n<p class=\"paragraph_style_2\" style=\"color: #020202;\">Georg Garner died June 15, 2003, collapsing on the sidewalk of the rue d&#8217;Ulm in front of the\u00a0<span class=\"style_2\" style=\"font-style: italic;\">\u00c9cole normale sup\u00e9rieure<\/span>, a building he knew well.\u00a0 A nicety of French law preserved him from autopsy, so we don&#8217;t know the cause of death.\u00a0 He had stepped out for a breath of fresh air from a seminar arranged in honour of a deceased friend of his own,<span class=\"style_2\" style=\"font-style: italic;\">\u00a0La mort du psychanalyste<\/span>\u00a0its title, the death of the psychoanalyst.\u00a0 He is buried in P\u00e8re-Lachaise, but a maple looms over his grave.<\/p>\n<p class=\"paragraph_style_2\" style=\"color: #020202;\">Georg was born in Vienna in 1950.\u00a0 It was a harsh world to fall into.\u00a0 Austria had cast itself as victim rather than ally of Germany, so was entitled to food relief, but the old metropolis, partitioned by the former allies, was destitute and corrupt.\u00a0 On its infamous black market penicillin, or any substance passing for it, was more valued even than food.\u00a0 The record nonetheless shows the Viennese eagerly set about rebuilding their bombed-out churches and monuments. The year of his birth the Prater re-opened, its giant Ferris wheel restored.\u00a0 Georg must have ridden it as a boy.\u00a0 The only childhood we truly know is the one we ourselves have lived.\u00a0 So I am at best translating myself into Georg \u2013 or Georg into myself \u2013 when I imagine the giddy thrill of its ride and the expanded horizon it offered over Vienna and its woods.\u00a0 What I cannot conceive, at least as a child would, is the disquiet then hanging over the Viennese, anxiety which left its stamp on Georg.\u00a0 Until he was five, the adults around him, survivors from a calamity which eradicated almost all family ties, did not know on which side of a border they would ultimately reside.<\/p>\n<p class=\"paragraph_style_3\" style=\"color: #020202;\">Georg never spoke much to me about his childhood, though he dwelled constantly in its realm.\u00a0 The Biblical injunction that physicians first heal themselves applies especially to those who seek to treat psychic wounds.\u00a0 Like many in the generation to which we belonged, Georg felt that trauma or neurosis was not something contained in experience, rather some fold, twist or fracture experience itself assumes, making us fall open always to the same spot like a book whose binding has been strained.\u00a0 Those pages are most easily cracked in the first years.\u00a0 The problem, as Georg wrote just a few years ago, is after a certain age much of childhood is swallowed up, blotted out, hard to recover even with the help of what the Greeks called a\u00a0<span class=\"style_2\" style=\"font-style: italic;\">theraps<\/span>, an attendant or companion.<\/p>\n<p class=\"paragraph_style_3\" style=\"color: #020202;\">Though I have copies of Georg&#8217;s printed works, we rarely discussed our writing.\u00a0 For years I thought this was because we disagreed.\u00a0 After he left Montreal for Paris, I moved to Berkeley, in 1977, where every act, it seemed, was intended as a remedy or cure for something else, never simply itself.\u00a0 The idea of therapy became anathema to me.\u00a0 Georg&#8217;s high theory was not psycho-babble, that I knew.\u00a0 But I would gently change the topic if his career as therapist came up, or, to be frank, humour him.<\/p>\n<p class=\"paragraph_style_3\" style=\"color: #020202;\">There is much I never knew about Georg, and never shall.\u00a0 When he was twelve his mother remarried and moved to Canada, taking him along.\u00a0 He told me which Ontario school he attended, and also the highlights of his\u00a0<span class=\"style_2\" style=\"font-style: italic;\">Wanderjahr<\/span>\u00a0in Europe at the end of the sixties, but these details are vague.\u00a0 Somehow he ended up doing a Ph.D. at the University of Montreal, bringing with him Marie-Mad, whose level of English was the perfect excuse for Georg and me to speak French.\u00a0 Though I can&#8217;t pinpoint the occasion we met, it was without question over a meal lubricated with the moonshine-style jugs of cheap but potable SAQ red wine then on the market.\u00a0 Neither of us had much money, but we put our pocketbooks where our hearts lay.\u00a0 We had read our Roland Barthes, so knew food was not mere material stuff, instead a complex of circulating signs.\u00a0 But food for us was more than symbolic, almost sacred, never grist for some theoretical mill.\u00a0 There is a mystery, into which Christianity tapped, in the way meals are both individually themselves and simultaneously all one and the same.\u00a0 Almost thirty years after that first repast, Georg and I were eating at the same Platonic table, every course referring us back to every other one we had shared.\u00a0 It is thus easy for me to describe what we consumed that first time, at any rate the meal-type, one running from cold cuts or p\u00e2t\u00e9, the more unctuous the better, on through some rare roast or filling stew, followed by stinky cheese.\u00a0 Though Viennese in his blood, Georg took a perfunctory approach to dessert. When we had the means, there would be calvados or armagnac as digestive. I can&#8217;t remember our ever running out of wine.<\/p>\n<p class=\"paragraph_style_3\" style=\"color: #020202;\">I have never found a fair description in English of the Bohemian Montreal Georg and I shared, only rarely in\u00a0<span class=\"style_2\" style=\"font-style: italic;\">qu\u00e9b\u00e9cois<\/span>, maybe because we fell between those slats.\u00a0 For the same reason, we soon felt cramped in our Montreal niche.\u00a0 Georg turned increasingly to psychoanalytic theory, following the threads of his dissertation, conjuring up more and more an intellectual life in France he wanted to lead.\u00a0 Around the same time, I mistakenly positioned myself as Anglo-Qu\u00e9b\u00e9cois writer whose matter would be our Montreal.\u00a0 I forgot that neither English nor French alone could encompass our lives, and no one reads bilingual texts.\u00a0 In Montreal, Georg and I were grappling with the same quandary: what language does, what it can&#8217;t do, what it leaves exposed, what it hides, how we hide ourselves in it.\u00a0 In this he held the patent advantage, having one language more than I, though none without accent.\u00a0 His native German remained thickly Viennese, no crime but a birthmark which set him apart.\u00a0 Likewise, his English telegraphed, if not his exact origin, at least his difference.\u00a0 As for his French, it was astonishingly articulate, as if he had taken the language apart and put it back together.\u00a0 Yet the Viennese burl remained there too, to his advantage when he launched his practice in Paris.\u00a0 Georg had vast intellectual ambitions but it turns out that his success was less in theory, more in practice.\u00a0 Of the three obituary notices posted under his name in the June 20, 2003 issue of\u00a0<span class=\"style_2\" style=\"font-style: italic;\">Le Monde<\/span>, one was sponsored by his patients \u2013 though &#8220;clients&#8221; would be the right word in our present mealy-mouthed English, in which the role of\u00a0<span class=\"style_2\" style=\"font-style: italic;\">cliens<\/span>, dependent follower, lackey if you will, is widely preferred to that of\u00a0<span class=\"style_2\" style=\"font-style: italic;\">patiens<\/span>, he or she who suffers, feels.\u00a0 I know enough about therapy to know that such public display on the part of patients is rare.<\/p>\n<p class=\"paragraph_style_3\" style=\"color: #020202;\">I must ask forbearance from the reader, since I am beginning to write as if I were talking with Georg.\u00a0 He revelled in etymologies, persuaded that the genuine meaning of words was repressed, like memories of childhood.<\/p>\n<p class=\"paragraph_style_3\" style=\"color: #020202;\">Almost before we knew it, Montreal belonged to the past.\u00a0 Our meals fell fewer and farther between, depending on the cost of transatlantic charters and the vagaries of income, though these privileged moments became easier to triangulate in time and place.\u00a0 For example, Georg and I spent several days together in Edmonton in the summer of 1975, after he had already moved shop to Paris.\u00a0 I presume he had flown back to Ontario for the obligatory annual family visit, then hopped a cheap flight to Alberta.\u00a0 I have not repressed, simply forgotten in which smoky tavern we shared a terry-clothed table full of amber tumblers of beer, a local custom he approved.\u00a0 The next year we were together in Budapest.\u00a0 I have a black-and-white photo in which \u2013 it follows by a logic on which he would have loved to expatiate \u2013 Georg himself does not appear, though it is &#8220;his&#8221; photo, he snapped it. Our friend Lou and I are standing with Tim Reiss, Georg&#8217;s supervisor from Montreal, in front of the Danube, the old Parliament in Budapest visible in the late summer haze. <span style=\"font-size: 1rem;\">Afterwards we had a feast in some shabby restaurant which had been spared the worst of communist standardization. In particular, I recall the schnapps and the game, which at that time you couldn&#8217;t get even in Alberta, unless you shot it yourself.<\/span><\/p>\n<p class=\"paragraph_style_3\" style=\"color: #020202;\">Thus began the second phase of our friendship, and adult lives.\u00a0 I was married briefly.\u00a0 Georg and Marie-Mad split.\u00a0 By the time I ended up for a year in Bordeaux, 1979, he had met Corinne.\u00a0 The next summer I was best man at their civil ceremony at the H\u00f4tel-de-Ville in Paris.\u00a0 Shortly thereafter followed another peripatetic encounter, this time at Lac des Settons, a backwater in eastern France west of Burgundy proper.\u00a0 Georg, in his usual way, elucidating something he implied I should already know, informed me that Jean-Martin Charcot, Freud&#8217;s teacher of neuropathology, died there in 1893!\u00a0 I deduce that by 1980 Georg was well launched into the Parisian psychotherapeutic scene, since he had organized, he confided, a small colloquium at the very hotel where he and Corinne were staying, where they were in fact warmly greeted by the staff, and where we lunched on wild mushrooms gathered from the forest around us.\u00a0 Charcot and neuropathology aside, there was a reason Georg loved\u00a0<span class=\"style_2\" style=\"font-style: italic;\">Lac des Settons<\/span>.\u00a0 There are not many places in France which look like Ontario. To an untrained eye, Lac des Settons might lie only a few miles from the Shield.\u00a0 To be sure, the lake, by Ontario standards, is fake: it was dammed.\u00a0\u00a0<span class=\"style_2\" style=\"font-style: italic;\">Peu importe<\/span>, as Georg would say.\u00a0 This ersatz piece of Canada was one of the places in France he felt most at home.\u00a0 The other was the swampy plot of land and rundown farmhouse he and Corinne soon bought in the\u00a0<span class=\"style_2\" style=\"font-style: italic;\">Sarthes<\/span>, another lost acre in France, but one which had the advantage, Georg argued, of being close enough to Paris for easy weekend trips, and about as unfashionable as you can get.<\/p>\n<p class=\"paragraph_style_3\" style=\"color: #020202;\">For the next years whenever I was in Paris I stayed at the flat on rue Trousseau, whose name had amused the newly-weds.\u00a0 One of those occasions Georg surprised me with a copied tape of Beethoven&#8217;s Spring Sonata, which he had played on my previous visit, to my delight, since before I never knew it by name, and had despaired of finding it again.\u00a0 His own taste and temper ran to more brooding pieces, in literature and much else.\u00a0 If the measure of true friendship is difference reconciled, then Georg and I qualify as the best of friends.\u00a0 I am all thumbs.\u00a0 He was a skilled cabinetmaker and took pleasure assembling dressers, cupboards and wardrobes first for the apartment in rue Trousseau, and then for the flat he and Corinne bought in rue Charenton, behind the Bastille, another address he relished, since the name in French evokes the eighteenth-century insane asylum on the same thoroughfare, wherein the Marquis de Sade among many others was confined.\u00a0 &#8220;I live on Bedlam Street,&#8221; he observed with a smile, and a perfect sense of translation.\u00a0 No small amount of carpentry skill went into creating his\u00a0<span class=\"style_2\" style=\"font-style: italic;\">cabinet<\/span>\u00a0\u2013 consulting room or doctor&#8217;s office.\u00a0 Directly accessible from the public stairs, it had a back exit opening into the private flat, with double doors and soundproofing to muffle noise from both directions.\u00a0 There was, inevitably, a classic therapist&#8217;s sofa, on which I was now and then invited to sleep, where I always suffered troubling dreams.\u00a0 Throughout the flat there were solid, stained-wood bookshelves build not to groan under the substantial weight of his ever-expanding library.\u00a0 Georg must personally have preserved several bookstores from bankruptcy.\u00a0 Soon there were no walls left for shelves.\u00a0 Books began to pile up in unsteady heaps first near the door of his\u00a0<span class=\"style_2\" style=\"font-style: italic;\">cabinet<\/span>, and then beyond, out past the grand piano and on into the kitchen.\u00a0 Books bound Georg and me together, but we read them like French theorists read food.\u00a0 It was a system or code of books we shared, not particular ones.\u00a0 Often I initiated conversation with Georg by scanning his shelves, looking not for actual reading matter, but token titles to ante and start the play.\u00a0 To this day I have a crazy idea of myself dancing around like a bee in the combs of the flat on rue Charenton sending signals to Georg about where the pollen lay.<\/p>\n<p class=\"paragraph_style_3\" style=\"color: #020202;\">Paris is for me a giant\u00a0<span class=\"style_2\" style=\"font-style: italic;\">flipper<\/span>, as the French call pinball machines, a maze of crisscrossing trajectories and ricochets from one location to another, with bumper-like caf\u00e9s along the way to pause and rest.\u00a0 For Georg the flat on rue Charenton was instead a womb, all of Paris the nurturing mesh of arteries which fed it.\u00a0 It followed logically that Katia and then Ya\u00eblle were born in the late eighties.\u00a0 His paradigmatic nuclear family fell into place.<\/p>\n<p class=\"paragraph_style_3\" style=\"color: #020202;\">Just like Georg was not in the picture he had taken in Budapest, so does he not figure in one of my favourite images of that time, but one which is, in some sense, his.\u00a0 After the\u00a0<span class=\"style_2\" style=\"font-style: italic;\">Mus\u00e9e d&#8217;Orsay<\/span>\u00a0opened, Corinne, pregnant with Ya\u00eblle, and I went, wheeling Katia in her pram \u2013 Corinne&#8217;s own English tends toward the British.\u00a0 It is not true, as she claimed then, expressing her relief to be out for the day, that all Parisians are too busy to follow current events in Paris.\u00a0 Yet unquestionably to live in Paris is to be very very busy.\u00a0 So to the joys and trials of parenthood were joined the tribulations of maintaining two careers in that rat race.\u00a0 We were already in a third phase of adulthood.\u00a0 I too was preoccupied with career and domestic chores and crises in Edmonton.\u00a0 Paris never left my mind, but I seldom got there, and when I did, had much on my plate.\u00a0 There is, Georg once observed, a solid mathematical reason time flies as you age.\u00a0 A year is half the life of a two-year old, a tenth of that of a ten-year old,\u00a0 et cetera.\u00a0 A year or any other measure of time corresponds to an ever-shrinking function in the span you have lived.\u00a0 Hence the illusion time is speeding faster and faster by.\u00a0\u00a0 I lost track of Georg and Corinne in the nineties.\u00a0 Each visit was a kind of shock. The girls were growing in leaps and bounds.\u00a0 Georg and I were suddenly grey-beards, complaining of similar aches and pains, sometimes even declining that extra glass of wine.<\/p>\n<p class=\"paragraph_style_3\" style=\"color: #020202;\">During one of my rare visits that decade, Georg and I had a postprandial t\u00eate-\u00e0-t\u00eate which turned, in the natural course of things, to the topic of death, setting the parameters of a new ritual.\u00a0 After the dishes were cleared, the girls put to bed, Corinne herself tended to retire, exhausted from juggling her own roles and career but I suspect intentionally leaving Georg and me to our admittedly macho, morbid dialogue, at the time even something of a joke for us.\u00a0 Death was our digestive, we said, unpalatable without the preceding fare.\u00a0 Nor was our topic restricted to mortality alone.\u00a0 Death was often a metaphor, a handle with which to grope other unfathomable things.<\/p>\n<p class=\"paragraph_style_3\" style=\"color: #020202;\">I have been very lucky, so far.\u00a0 I reconciled with my Father before he died.\u00a0 Circumstances also allowed me to be in and out of Paris several times in the last three years of Georg\u2019s life, to renew my friendship before it was too late.<\/p>\n<p class=\"paragraph_style_3\" style=\"color: #020202;\">In September, 2000, I was able to spend two weeks in France.\u00a0 The last weekend Georg took me out to the farm in the Sarthes.\u00a0 Neither Corinne nor the girls wanted to make the trip.\u00a0 For one thing, there was already a sharp chill in the air, doubtless appealing to Georg&#8217;s Canadian soul.\u00a0 So he and I drove out of Paris early enough on a Saturday afternoon to get to the local\u00a0<span class=\"style_2\" style=\"font-style: italic;\">boulangerie<\/span>,\u00a0<span class=\"style_2\" style=\"font-style: italic;\">boucherie<\/span>, and\u00a0<span class=\"style_2\" style=\"font-style: italic;\">\u00e9picerie<\/span>\u00a0in time to collect the needed provisions, including sufficient wine for us two.<\/p>\n<p class=\"paragraph_style_3\" style=\"color: #020202;\">The first thing I did was build a fire in the old stone hearth while Georg, Esq.\u00a0 was out checking his modest estate.\u00a0 Later he passed me a pair of rubber boots and led me on a tour from plant to plant, to the pond and the drainage system he engineered, finally to the ramshackle barn to see his tools and implements, his pride.<\/p>\n<p class=\"paragraph_style_3\" style=\"color: #020202;\">Then it was time for an ap\u00e9ritif, a couple glasses of aligot\u00e9.\u00a0 I cannot recall what we ate that night, and there is no way to ask.\u00a0 Certainly p\u00e2t\u00e9 from the village shop.\u00a0 I quite likely grilled some meat, since there was a fire.\u00a0 I&#8217;m sure we skipped salad, being two men alone.\u00a0 There was definitely stinky cheese.<\/p>\n<p class=\"paragraph_style_3\" style=\"color: #020202;\">This was the first and only time Georg and I shared phrases in his native tongue.\u00a0 Ever since I read Rilke as a graduate student in Alberta, I have turned to his Duino Elegies in moments of distress.\u00a0 For reasons I can&#8217;t explain, that was a period of distress for me.\u00a0 So I haltingly recited memorized passages from the First Elegy, on the death of heroes, best known for its line\u00a0<span class=\"style_2\" style=\"font-style: italic;\">Ein jeder Engel ist schrecklich<\/span>\u00a0\u2013 Every Angel is terrifying.\u00a0 Georg unerringly picked up:\u00a0<span class=\"style_2\" style=\"font-style: italic;\">Und so verhalt ich mich denn und verschlucke den Lockruf dunkelen Schluchzens<\/span>\u00a0\u2013 And thus I hold back, choking down the seductive appeal of dark sobbing.\u00a0 In short, it was the kind of pretentious hyperliterary conversation a good editor would excise from fiction, but which I sustain here since this story is true.<\/p>\n<p class=\"paragraph_style_3\" style=\"color: #020202;\">Soon literature was laid aside.\u00a0 We poured a second or third armagnac, and Georg asked our old companion Death to join us at table.\u00a0 The conversation went on until the fire died, well after midnight.\u00a0 I spare you the details, which in any event I cannot retrieve.<\/p>\n<p class=\"paragraph_style_3\" style=\"color: #020202;\">Afterwards, to my surprise, the armagnac notwithstanding, I slept peacefully in a strange bed up in the attic.\u00a0 By the time I woke, Georg was out sloshing about\u00a0in his rubber boots preparing the farm for the winter to come.\u00a0 I revived the the fire and distractedly read a book I found lying around until he came in.\u00a0 We had an excellent lunch.\u00a0 Later that afternoon, trapped in the traffic on the\u00a0<span class=\"style_2\" style=\"font-style: italic;\">Boulevard p\u00e9riph\u00e9rique<\/span>, we had plenty of time for a post-mortem.\u00a0 We realized that, with the exception of the hours we slept and those he spent outside, we had talked unbrokenly for almost twenty-four hours.\u00a0 In some sense, Georg and I have been talking unbrokenly for almost thirty years.\u00a0 You will understand from my choice of tense: I am still talking with him now.<\/p>\n<p class=\"paragraph_style_3\" style=\"color: #020202;\">Of course, put up against the real thing, our prattle about death was empty.\u00a0 But having talked about death is better than never having talked about it at all.\u00a0 And we both knew, of this I am sure, one day or another one or the other of us would have that memory to bear alone, in the absence of the other.<\/p>\n<p class=\"paragraph_style_3\" style=\"color: #020202;\">All along I&#8217;ve been wondering whether I am writing about friendship or about death.\u00a0 I know I am not writing about the death of friendship.<\/p>\n<p class=\"paragraph_style_4\" style=\"color: #030303;\"><em>French version: \u00abLa mort du psychanalyste\u00bb. In\u00a0<span class=\"style_2\">Dessine-moi une m\u00e9taphore: In memoriam Georg Garner<\/span>. Paris: La petite capitale, 2008<\/em><\/p>\n<div class=\"likebtn_container\" style=\"\"><!-- LikeBtn.com BEGIN --><span class=\"likebtn-wrapper\"  data-identifier=\"page_2513\"  data-site_id=\"56b78e2ba4c688a2131dca0b\"  data-style=\"\"  data-unlike_allowed=\"\"  data-show_copyright=\"\"  data-item_url=\"https:\/\/alteritas.net\/GXL\/?page_id=2513\"  data-item_title=\"The Death of a Psychoanalyst\"  data-item_date=\"2014-09-01T14:09:33-07:00\"  data-engine=\"WordPress\"  data-plugin_v=\"2.6.59\"  data-prx=\"https:\/\/alteritas.net\/GXL\/wp-admin\/admin-ajax.php?action=likebtn_prx\"  data-event_handler=\"likebtn_eh\" ><\/span><!-- LikeBtn.com END --><\/div>","protected":false},"excerpt":{"rendered":"<p>In memoriam Georg Garner (1950-2003) Georg Garner died June 15, 2003, collapsing on the sidewalk of the rue d&#8217;Ulm in front of the\u00a0\u00c9cole normale sup\u00e9rieure, a building he knew well.\u00a0 A nicety of French law preserved him from autopsy, so we don&#8217;t know the cause of death.\u00a0 He had stepped out for a breath of &hellip; <\/p>\n<p class=\"link-more\"><a href=\"https:\/\/alteritas.net\/GXL\/?page_id=2513\" class=\"more-link\">Continue reading<span class=\"screen-reader-text\"> &#8220;The Death of a Psychoanalyst&#8221;<\/span><\/a><\/p>\n<div class=\"likebtn_container\" style=\"\"><!-- LikeBtn.com BEGIN --><span class=\"likebtn-wrapper\"  data-identifier=\"page_2513\"  data-site_id=\"56b78e2ba4c688a2131dca0b\"  data-style=\"\"  data-unlike_allowed=\"\"  data-show_copyright=\"\"  data-item_url=\"https:\/\/alteritas.net\/GXL\/?page_id=2513\"  data-item_title=\"The Death of a Psychoanalyst\"  data-item_date=\"2014-09-01T14:09:33-07:00\"  data-engine=\"WordPress\"  data-plugin_v=\"2.6.59\"  data-prx=\"https:\/\/alteritas.net\/GXL\/wp-admin\/admin-ajax.php?action=likebtn_prx\"  data-event_handler=\"likebtn_eh\" ><\/span><!-- LikeBtn.com END --><\/div>","protected":false},"author":1,"featured_media":0,"parent":469,"menu_order":0,"comment_status":"closed","ping_status":"closed","template":"","meta":{"footnotes":""},"class_list":["post-2513","page","type-page","status-publish","hentry"],"jetpack_sharing_enabled":true,"_links":{"self":[{"href":"https:\/\/alteritas.net\/GXL\/index.php?rest_route=\/wp\/v2\/pages\/2513","targetHints":{"allow":["GET"]}}],"collection":[{"href":"https:\/\/alteritas.net\/GXL\/index.php?rest_route=\/wp\/v2\/pages"}],"about":[{"href":"https:\/\/alteritas.net\/GXL\/index.php?rest_route=\/wp\/v2\/types\/page"}],"author":[{"embeddable":true,"href":"https:\/\/alteritas.net\/GXL\/index.php?rest_route=\/wp\/v2\/users\/1"}],"replies":[{"embeddable":true,"href":"https:\/\/alteritas.net\/GXL\/index.php?rest_route=%2Fwp%2Fv2%2Fcomments&post=2513"}],"version-history":[{"count":8,"href":"https:\/\/alteritas.net\/GXL\/index.php?rest_route=\/wp\/v2\/pages\/2513\/revisions"}],"predecessor-version":[{"id":5088,"href":"https:\/\/alteritas.net\/GXL\/index.php?rest_route=\/wp\/v2\/pages\/2513\/revisions\/5088"}],"up":[{"embeddable":true,"href":"https:\/\/alteritas.net\/GXL\/index.php?rest_route=\/wp\/v2\/pages\/469"}],"wp:attachment":[{"href":"https:\/\/alteritas.net\/GXL\/index.php?rest_route=%2Fwp%2Fv2%2Fmedia&parent=2513"}],"curies":[{"name":"wp","href":"https:\/\/api.w.org\/{rel}","templated":true}]}}