{"id":3216,"date":"2015-08-04T08:37:09","date_gmt":"2015-08-04T15:37:09","guid":{"rendered":"http:\/\/alteritas.net\/GXL\/?page_id=3216"},"modified":"2015-08-04T08:38:46","modified_gmt":"2015-08-04T15:38:46","slug":"teaching","status":"publish","type":"page","link":"https:\/\/alteritas.net\/GXL\/?page_id=3216","title":{"rendered":"Teaching"},"content":{"rendered":"<p><span style=\"color: #000000;\">\u00a02004<\/span><span style=\"color: #000000;\">-2010.\u00a0<strong>Full Professor<\/strong>,\u00a0<em>Lettres fran\u00e7aises<\/em>, Universit\u00e9 d&#8217;Ottawa.<\/span><\/p>\n<p><span style=\"color: #000000;\">\u00a0<span style=\"color: #000000;\">1998-2004.\u00a0<strong>Full Professor.\u00a0<\/strong><\/span>\u00a0<\/span><span style=\"color: #000000;\">Department of Modern Languages and Cultural Studies, University of Alberta.<\/span><\/p>\n<p><span style=\"color: #000000;\">2002.\u00a0<strong><em>Gastprofessor<\/em><\/strong>, Institut f\u00fcr Sprachen und Literaturen, Abteilung Sprachwissenschaft, Universit\u00e4t Innsbruck, Austria.<\/span><\/p>\n<p><span style=\"color: #000000;\">1987-1998.\u00a0<strong>Assistant and Associate Professor<\/strong>, Department of Modern Languages and Cultural Studies, University of Alberta.<\/span><\/p>\n<p><span style=\"color: #000000;\">1986-1987.\u00a0<strong>Assistant Professor of French<\/strong>, Rutgers University.<\/span><\/p>\n<p><span style=\"color: #000000;\"><strong>Prior to 1986<\/strong>, taught as contractual, sessional and limited term professor at Cuttington College (Liberia), University of Alberta, Vanier College (Montr\u00e9al), Universit\u00e9 de Sherbrooke, and Universit\u00e9 de Bordeaux III.\u00a0<\/span><span style=\"color: #000000;\"><strong>Over 50 different courses taught at all levels<\/strong>\u00a0in Comparative Literature, French Language, Culture and Literature, English, African and Caribbean Literature, Translation, Literary theory and methodogy. \u00a0<\/span><strong>Graduate supervision<\/strong>\u00a0(lifetime): 13 M.A., 5 Ph.D., over 30 supervisory committees.<\/p>\n<div class=\"likebtn_container\" style=\"\"><!-- LikeBtn.com BEGIN --><span class=\"likebtn-wrapper\"  data-identifier=\"page_3216\"  data-site_id=\"56b78e2ba4c688a2131dca0b\"  data-style=\"\"  data-unlike_allowed=\"\"  data-show_copyright=\"\"  data-item_url=\"https:\/\/alteritas.net\/GXL\/?page_id=3216\"  data-item_title=\"Teaching\"  data-item_date=\"2015-08-04T08:37:09-07:00\"  data-engine=\"WordPress\"  data-plugin_v=\"2.6.59\"  data-prx=\"https:\/\/alteritas.net\/GXL\/wp-admin\/admin-ajax.php?action=likebtn_prx\"  data-event_handler=\"likebtn_eh\" ><\/span><!-- LikeBtn.com END --><\/div>","protected":false},"excerpt":{"rendered":"<p>\u00a02004-2010.\u00a0Full Professor,\u00a0Lettres fran\u00e7aises, Universit\u00e9 d&#8217;Ottawa. \u00a01998-2004.\u00a0Full Professor.\u00a0\u00a0Department of Modern Languages and Cultural Studies, University of Alberta. 2002.\u00a0Gastprofessor, Institut f\u00fcr Sprachen und Literaturen, Abteilung Sprachwissenschaft, Universit\u00e4t Innsbruck, Austria. 1987-1998.\u00a0Assistant and Associate Professor, Department of Modern Languages and Cultural Studies, University of Alberta. 1986-1987.\u00a0Assistant Professor of French, Rutgers University. Prior to 1986, taught as contractual, sessional and &hellip; <\/p>\n<p class=\"link-more\"><a href=\"https:\/\/alteritas.net\/GXL\/?page_id=3216\" class=\"more-link\">Continue reading<span class=\"screen-reader-text\"> &#8220;Teaching&#8221;<\/span><\/a><\/p>\n<div class=\"likebtn_container\" style=\"\"><!-- LikeBtn.com BEGIN --><span class=\"likebtn-wrapper\"  data-identifier=\"page_3216\"  data-site_id=\"56b78e2ba4c688a2131dca0b\"  data-style=\"\"  data-unlike_allowed=\"\"  data-show_copyright=\"\"  data-item_url=\"https:\/\/alteritas.net\/GXL\/?page_id=3216\"  data-item_title=\"Teaching\"  data-item_date=\"2015-08-04T08:37:09-07:00\"  data-engine=\"WordPress\"  data-plugin_v=\"2.6.59\"  data-prx=\"https:\/\/alteritas.net\/GXL\/wp-admin\/admin-ajax.php?action=likebtn_prx\"  data-event_handler=\"likebtn_eh\" ><\/span><!-- LikeBtn.com END --><\/div>","protected":false},"author":1,"featured_media":0,"parent":471,"menu_order":0,"comment_status":"closed","ping_status":"closed","template":"","meta":{"footnotes":""},"class_list":["post-3216","page","type-page","status-publish","hentry"],"jetpack_sharing_enabled":true,"_links":{"self":[{"href":"https:\/\/alteritas.net\/GXL\/index.php?rest_route=\/wp\/v2\/pages\/3216","targetHints":{"allow":["GET"]}}],"collection":[{"href":"https:\/\/alteritas.net\/GXL\/index.php?rest_route=\/wp\/v2\/pages"}],"about":[{"href":"https:\/\/alteritas.net\/GXL\/index.php?rest_route=\/wp\/v2\/types\/page"}],"author":[{"embeddable":true,"href":"https:\/\/alteritas.net\/GXL\/index.php?rest_route=\/wp\/v2\/users\/1"}],"replies":[{"embeddable":true,"href":"https:\/\/alteritas.net\/GXL\/index.php?rest_route=%2Fwp%2Fv2%2Fcomments&post=3216"}],"version-history":[{"count":1,"href":"https:\/\/alteritas.net\/GXL\/index.php?rest_route=\/wp\/v2\/pages\/3216\/revisions"}],"predecessor-version":[{"id":3218,"href":"https:\/\/alteritas.net\/GXL\/index.php?rest_route=\/wp\/v2\/pages\/3216\/revisions\/3218"}],"up":[{"embeddable":true,"href":"https:\/\/alteritas.net\/GXL\/index.php?rest_route=\/wp\/v2\/pages\/471"}],"wp:attachment":[{"href":"https:\/\/alteritas.net\/GXL\/index.php?rest_route=%2Fwp%2Fv2%2Fmedia&parent=3216"}],"curies":[{"name":"wp","href":"https:\/\/api.w.org\/{rel}","templated":true}]}}