{"id":3227,"date":"2015-08-04T08:47:23","date_gmt":"2015-08-04T15:47:23","guid":{"rendered":"http:\/\/alteritas.net\/GXL\/?page_id=3227"},"modified":"2015-08-04T08:52:43","modified_gmt":"2015-08-04T15:52:43","slug":"degrees","status":"publish","type":"page","link":"https:\/\/alteritas.net\/GXL\/?page_id=3227","title":{"rendered":"Degrees"},"content":{"rendered":"<p><span style=\"color: #000000;\">1977.\u00a0<strong>Ph.D. Comparative Literature<\/strong>, University of Alberta<br \/>\n<\/span><span style=\"color: #000000;\">1972.\u00a0<strong>M.A. Comparative Literature<\/strong>, University of Alberta|<br \/>\n<\/span><span style=\"color: #000000;\">1967.\u00a0<strong>B.A. cum laude, Comparative Literature<\/strong>, Beloit College, Wisconsin<br \/>\n<\/span><span style=\"color: #000000;\">1966,\u00a0<strong><em>Certificat d&#8217;\u00e9tudes fran\u00e7aises<\/em><\/strong>, Universit\u00e9 de Grenoble, France<\/span><\/p>\n<div class=\"likebtn_container\" style=\"\"><!-- LikeBtn.com BEGIN --><span class=\"likebtn-wrapper\"  data-identifier=\"page_3227\"  data-site_id=\"56b78e2ba4c688a2131dca0b\"  data-style=\"\"  data-unlike_allowed=\"\"  data-show_copyright=\"\"  data-item_url=\"https:\/\/alteritas.net\/GXL\/?page_id=3227\"  data-item_title=\"Degrees\"  data-item_date=\"2015-08-04T08:47:23-07:00\"  data-engine=\"WordPress\"  data-plugin_v=\"2.6.59\"  data-prx=\"https:\/\/alteritas.net\/GXL\/wp-admin\/admin-ajax.php?action=likebtn_prx\"  data-event_handler=\"likebtn_eh\" ><\/span><!-- LikeBtn.com END --><\/div>","protected":false},"excerpt":{"rendered":"<p>1977.\u00a0Ph.D. Comparative Literature, University of Alberta 1972.\u00a0M.A. Comparative Literature, University of Alberta| 1967.\u00a0B.A. cum laude, Comparative Literature, Beloit College, Wisconsin 1966,\u00a0Certificat d&#8217;\u00e9tudes fran\u00e7aises, Universit\u00e9 de Grenoble, France<\/p>\n<div class=\"likebtn_container\" style=\"\"><!-- LikeBtn.com BEGIN --><span class=\"likebtn-wrapper\"  data-identifier=\"page_3227\"  data-site_id=\"56b78e2ba4c688a2131dca0b\"  data-style=\"\"  data-unlike_allowed=\"\"  data-show_copyright=\"\"  data-item_url=\"https:\/\/alteritas.net\/GXL\/?page_id=3227\"  data-item_title=\"Degrees\"  data-item_date=\"2015-08-04T08:47:23-07:00\"  data-engine=\"WordPress\"  data-plugin_v=\"2.6.59\"  data-prx=\"https:\/\/alteritas.net\/GXL\/wp-admin\/admin-ajax.php?action=likebtn_prx\"  data-event_handler=\"likebtn_eh\" ><\/span><!-- LikeBtn.com END --><\/div>","protected":false},"author":1,"featured_media":0,"parent":471,"menu_order":0,"comment_status":"closed","ping_status":"closed","template":"","meta":{"footnotes":""},"class_list":["post-3227","page","type-page","status-publish","hentry"],"jetpack_sharing_enabled":true,"_links":{"self":[{"href":"https:\/\/alteritas.net\/GXL\/index.php?rest_route=\/wp\/v2\/pages\/3227","targetHints":{"allow":["GET"]}}],"collection":[{"href":"https:\/\/alteritas.net\/GXL\/index.php?rest_route=\/wp\/v2\/pages"}],"about":[{"href":"https:\/\/alteritas.net\/GXL\/index.php?rest_route=\/wp\/v2\/types\/page"}],"author":[{"embeddable":true,"href":"https:\/\/alteritas.net\/GXL\/index.php?rest_route=\/wp\/v2\/users\/1"}],"replies":[{"embeddable":true,"href":"https:\/\/alteritas.net\/GXL\/index.php?rest_route=%2Fwp%2Fv2%2Fcomments&post=3227"}],"version-history":[{"count":2,"href":"https:\/\/alteritas.net\/GXL\/index.php?rest_route=\/wp\/v2\/pages\/3227\/revisions"}],"predecessor-version":[{"id":3233,"href":"https:\/\/alteritas.net\/GXL\/index.php?rest_route=\/wp\/v2\/pages\/3227\/revisions\/3233"}],"up":[{"embeddable":true,"href":"https:\/\/alteritas.net\/GXL\/index.php?rest_route=\/wp\/v2\/pages\/471"}],"wp:attachment":[{"href":"https:\/\/alteritas.net\/GXL\/index.php?rest_route=%2Fwp%2Fv2%2Fmedia&parent=3227"}],"curies":[{"name":"wp","href":"https:\/\/api.w.org\/{rel}","templated":true}]}}