{"id":3854,"date":"2017-02-17T10:42:48","date_gmt":"2017-02-17T18:42:48","guid":{"rendered":"http:\/\/alteritas.net\/GXL\/?page_id=3854"},"modified":"2023-06-20T16:47:20","modified_gmt":"2023-06-20T23:47:20","slug":"downloads-links","status":"publish","type":"page","link":"https:\/\/alteritas.net\/GXL\/?page_id=3854","title":{"rendered":"Downloads \/ Links"},"content":{"rendered":"<p><span style=\"color: #0000ff;\">Below links to a selection of academic publications.<\/span><\/p>\n<p><a href=\"https:\/\/alteritas.net\/GXL\/wp-content\/uploads\/2018\/11\/From-the-Pictograph.pdf\">From the Pictograph to the Metapoem<\/a>, 1979 (pdf)<\/p>\n<p><a href=\"https:\/\/alteritas.net\/GXL\/wp-content\/uploads\/2022\/09\/Van-Toorn-and-Tibullus.pdf\">Van Toorn and Tibullus<\/a> 1980 (pdf)<\/p>\n<p><span style=\"color: #000000;\"><a href=\"https:\/\/alteritas.net\/GXL\/wp-content\/uploads\/2019\/04\/Prism.pdf\">Through a Prism Darkly<\/a>,\u00a01991 (pdf).\u00a0<\/span><\/p>\n<p><a href=\"https:\/\/alteritas.net\/GXL\/wp-content\/uploads\/2018\/11\/La-Belle-Alterite.pdf\"><em>La Belle Alt\u00e9rit\u00e9<\/em>: Towards a Dialogical Paradigm in Translation Theory?<\/a> 1992 (pdf)<\/p>\n<p><a href=\"https:\/\/alteritas.net\/GXL\/wp-content\/uploads\/2023\/03\/Kribich.pdf\">Kribich<\/a>, &#8220;cribiche&#8221; ou \u00e9crevisse : L&#8217;avenir de l&#8217;<em>\u00c9loge de la Cr\u00e9olit\u00e9<\/em>, 1992 (pdf)<\/p>\n<p><a href=\"https:\/\/alteritas.net\/GXL\/wp-content\/uploads\/2022\/03\/CRCL-Review-Ahmad.pdf\">CRCL Review Ahmad<\/a>, 1993 (pdf)<\/p>\n<p><a style=\"font-size: 1rem;\" href=\"https:\/\/alteritas.net\/GXL\/wp-content\/uploads\/2019\/01\/One-Mans-Sande.pdf\">One Man&#8217;s &#8220;Sande&#8221;: Roger Dorsinville&#8217;s &#8220;L&#8217;homme derri\u00e8re l&#8217;arbre: un Ha\u00eftien au Lib\u00e9ria&#8221;, a Photographic Initiation<\/a><span style=\"font-size: 1rem;\">\u00a0\u00a01995\u00a0<\/span><span style=\"font-size: 1rem;\">(pdf)<\/span><\/p>\n<p><a href=\"http:\/\/alteritas.net\/GXL\/wp-content\/uploads\/2017\/02\/Jihad-Ijtihad-LANG.pdf\">Jihad, Ijtihad and Other Dialogical Wars<\/a>, 1996 (pdf)<\/p>\n<p><a href=\"https:\/\/alteritas.net\/GXL\/wp-content\/uploads\/2019\/04\/Prol\u00e9gom\u00e8nes-Lang.pdf\">Prol\u00e9gom\u00e8nes \u00e0 l&#8217;\u00e9tude du doublage<\/a>, 1996.<\/p>\n<p><a href=\"http:\/\/alteritas.net\/GXL\/wp-content\/uploads\/2017\/02\/Globalizing-Africa.pdf\">African Literatures in the Year 2050<\/a>, 2000 (pdf)<\/p>\n<p><a href=\"https:\/\/alteritas.net\/GXL\/wp-content\/uploads\/2023\/03\/project_muse_29545.pdf\">Review of Christopher Wise<\/a>, Yambo Ouologuem: Postcolonial Writer, Islamic Militant in\u00a0<em style=\"font-size: 1rem;\">Research in African Literatures<\/em><span style=\"font-size: 1rem;\">, 32, 1, Spring 2001, pp. 136-138.<\/span><\/p>\n<p><a href=\"http:\/\/alteritas.net\/GXL\/wp-content\/uploads\/2017\/02\/Cannibalizing-BN.pdf\">Cannibalizing Bossa Nova<\/a>, 2002 (pdf)<\/p>\n<p><a href=\"https:\/\/alteritas.net\/GXL\/wp-content\/uploads\/2022\/02\/Lang-Cherki-Fanon.pdf\">Lang Cherki Fanon<\/a>. 2003 (pdf)<\/p>\n<p><a href=\"http:\/\/alteritas.net\/GXL\/wp-content\/uploads\/2017\/02\/35.2lang.pdf\">A Primer of Haitian Literature in Kreyol<\/a>, 2004 (pdf)<\/p>\n<p><a href=\"https:\/\/dialnet.unirioja.es\/descarga\/articulo\/6112285.pdf\">Tem morna, tem coladera<\/a> (The Capeverdian Roots of Ces\u00e1ria \u00c9vora &#8211; in Portuguese), 2006 (web-based PDF)<\/p>\n<p><a href=\"http:\/\/alteritas.net\/GXL\/wp-content\/uploads\/2017\/02\/Boas-and-the-Chnookan-Poetic-Legacy.pdf\">Boas and the Chinookan Poetic Legacy<\/a>, 2009\u00a0(pdf)<\/p>\n<p><a href=\"https:\/\/alteritas.net\/GXL\/wp-content\/uploads\/2021\/11\/Jazz-Lang-1.pdf\">Jazz<\/a>, 2010 (pdf) &lt;\u00a0<em>Encyclopedia of African Thought, Vol II,\u00a0<\/em>Abiola Irele and Biodun Jeyifo, eds. Oxford: Oxford University Press, pp. 18-21.<br \/>\n<span style=\"font-size: 1rem;\"><br \/>\n<\/span><a style=\"font-size: 1rem;\" href=\"https:\/\/alteritas.net\/GXL\/wp-content\/uploads\/2023\/06\/A_Tribute_to_Ted_Blodgett-1.pdf\">A_Tribute_to_Ted_Blodgett<\/a><span style=\"font-size: 1rem;\">\u00a0 \u00a0(PDF)<\/span><\/p>\n<p style=\"text-align: center;\">*<\/p>\n<p><span style=\"text-decoration: underline;\"><span style=\"color: #0000ff; text-decoration: underline;\">Translations<\/span><\/span><\/p>\n<p>From the French: <a href=\"https:\/\/alteritas.net\/GXL\/wp-content\/uploads\/2022\/03\/Trois-poemes.pdf\">Trois po\u00e8mes<\/a> de Ren\u00e9 Depestre (From<em> Caliban: A Journal of New World Thought and Writing<\/em>, 1.1 ([1975], pp.22-3).<\/p>\n<p><em><span style=\"color: #0000ff;\">F<\/span><\/em><em><span style=\"color: #0000ff;\">rom the Persian<span style=\"color: #000000;\">:\u00a0<\/span><\/span><\/em>Iraj Pezeshzad&#8217;s <a href=\"https:\/\/alteritas.net\/GXL\/wp-content\/uploads\/2021\/12\/Uncle-Napoleon-Lang.pdf\">Uncle Napoleon &#8211; Chap 11<\/a>, &#8220;The English Are Coming&#8221; (1992)<\/p>\n<p style=\"text-align: center;\">*<\/p>\n<p style=\"text-align: right;\">&#x1f517;&#x1f517;&#x1f517; Links to Instagram : <a href=\"https:\/\/alteritas.net\/GXL\/?page_id=4827\">https:\/\/alteritas.net\/GXL\/?page_id=4827<\/a><\/p>\n<div class=\"likebtn_container\" style=\"\"><!-- LikeBtn.com BEGIN --><span class=\"likebtn-wrapper\"  data-identifier=\"page_3854\"  data-site_id=\"56b78e2ba4c688a2131dca0b\"  data-style=\"\"  data-unlike_allowed=\"\"  data-show_copyright=\"\"  data-item_url=\"https:\/\/alteritas.net\/GXL\/?page_id=3854\"  data-item_title=\"Downloads \/ Links\"  data-item_date=\"2017-02-17T10:42:48-08:00\"  data-engine=\"WordPress\"  data-plugin_v=\"2.6.59\"  data-prx=\"https:\/\/alteritas.net\/GXL\/wp-admin\/admin-ajax.php?action=likebtn_prx\"  data-event_handler=\"likebtn_eh\" ><\/span><!-- LikeBtn.com END --><\/div>","protected":false},"excerpt":{"rendered":"<p>Below links to a selection of academic publications. From the Pictograph to the Metapoem, 1979 (pdf) Van Toorn and Tibullus 1980 (pdf) Through a Prism Darkly,\u00a01991 (pdf).\u00a0 La Belle Alt\u00e9rit\u00e9: Towards a Dialogical Paradigm in Translation Theory? 1992 (pdf) Kribich, &#8220;cribiche&#8221; ou \u00e9crevisse : L&#8217;avenir de l&#8217;\u00c9loge de la Cr\u00e9olit\u00e9, 1992 (pdf) CRCL Review Ahmad, &hellip; <\/p>\n<p class=\"link-more\"><a href=\"https:\/\/alteritas.net\/GXL\/?page_id=3854\" class=\"more-link\">Continue reading<span class=\"screen-reader-text\"> &#8220;Downloads \/ Links&#8221;<\/span><\/a><\/p>\n<div class=\"likebtn_container\" style=\"\"><!-- LikeBtn.com BEGIN --><span class=\"likebtn-wrapper\"  data-identifier=\"page_3854\"  data-site_id=\"56b78e2ba4c688a2131dca0b\"  data-style=\"\"  data-unlike_allowed=\"\"  data-show_copyright=\"\"  data-item_url=\"https:\/\/alteritas.net\/GXL\/?page_id=3854\"  data-item_title=\"Downloads \/ Links\"  data-item_date=\"2017-02-17T10:42:48-08:00\"  data-engine=\"WordPress\"  data-plugin_v=\"2.6.59\"  data-prx=\"https:\/\/alteritas.net\/GXL\/wp-admin\/admin-ajax.php?action=likebtn_prx\"  data-event_handler=\"likebtn_eh\" ><\/span><!-- LikeBtn.com END --><\/div>","protected":false},"author":1,"featured_media":0,"parent":0,"menu_order":0,"comment_status":"closed","ping_status":"closed","template":"","meta":{"footnotes":""},"class_list":["post-3854","page","type-page","status-publish","hentry"],"jetpack_sharing_enabled":true,"_links":{"self":[{"href":"https:\/\/alteritas.net\/GXL\/index.php?rest_route=\/wp\/v2\/pages\/3854","targetHints":{"allow":["GET"]}}],"collection":[{"href":"https:\/\/alteritas.net\/GXL\/index.php?rest_route=\/wp\/v2\/pages"}],"about":[{"href":"https:\/\/alteritas.net\/GXL\/index.php?rest_route=\/wp\/v2\/types\/page"}],"author":[{"embeddable":true,"href":"https:\/\/alteritas.net\/GXL\/index.php?rest_route=\/wp\/v2\/users\/1"}],"replies":[{"embeddable":true,"href":"https:\/\/alteritas.net\/GXL\/index.php?rest_route=%2Fwp%2Fv2%2Fcomments&post=3854"}],"version-history":[{"count":27,"href":"https:\/\/alteritas.net\/GXL\/index.php?rest_route=\/wp\/v2\/pages\/3854\/revisions"}],"predecessor-version":[{"id":5112,"href":"https:\/\/alteritas.net\/GXL\/index.php?rest_route=\/wp\/v2\/pages\/3854\/revisions\/5112"}],"wp:attachment":[{"href":"https:\/\/alteritas.net\/GXL\/index.php?rest_route=%2Fwp%2Fv2%2Fmedia&parent=3854"}],"curies":[{"name":"wp","href":"https:\/\/api.w.org\/{rel}","templated":true}]}}