{"id":4083,"date":"2018-05-27T16:56:34","date_gmt":"2018-05-27T23:56:34","guid":{"rendered":"http:\/\/alteritas.net\/GXL\/?page_id=4083"},"modified":"2018-05-28T21:16:38","modified_gmt":"2018-05-29T04:16:38","slug":"writings-on-haitian-and-haitian-kreyol","status":"publish","type":"page","link":"https:\/\/alteritas.net\/GXL\/?page_id=4083","title":{"rendered":"Writings on Haiti and Haitian Kreyol"},"content":{"rendered":"<p>A sidelist of publications touching on Haiti and Haitian Kreyol, preceded by the Kreyol language Wiki on yours truly:\u00a0<a href=\"https:\/\/ht.wikipedia.org\/wiki\/George_Lang\">https:\/\/ht.wikipedia.org\/wiki\/George_Lang<\/a><\/p>\n<p style=\"text-align: left;\"><strong>2018<\/strong><\/p>\n<p><strong>Review<\/strong> of <em>Haitian Creole: Structure, Variation, Status, Origin<\/em>. Albert \u00a0Valdman. Sheffield: Equinox Publishing.\u00a0<em>Journal of Pidgin and Creole Linguistics<\/em>. 33.1 (2018), pp. 203-205. <a href=\"http:\/\/alteritas.net\/GXL\/wp-content\/uploads\/2018\/05\/JPCL-Lang-33.1-PDF.pdf\">JPCL Lang 33.1 PDF<\/a><\/p>\n<p><span style=\"color: #000000;\"><strong>2005<\/strong><\/span><\/p>\n<p><span style=\"color: #000000;\"><strong><em>Basilects in Creole Literatures<\/em><\/strong>.\u00a0<em>Journal of Pidgin and Creole Languages<\/em>, 20.1 pp. 85-99.<\/span><\/p>\n<p><span style=\"color: #000000;\"><strong>2004<\/strong><\/span><\/p>\n<p><span style=\"color: #000000;\"><strong><em>Primer of Haitian Literature in Krey\u00f2l<\/em><\/strong>.\u00a0<em>Research in African Literatures<\/em>, 35.2, pp.128-140. (<a href=\"http:\/\/alteritas.net\/GXL\/wp-content\/uploads\/2017\/02\/35.2lang.pdf\">PDF<\/a>)<\/span><\/p>\n<p><span style=\"color: #000000;\"><strong>2000<\/strong><\/span><\/p>\n<p><span style=\"color: #000000;\"><strong>Entwisted Tongues: Comparative Creole Literatures<\/strong><em>.<\/em>\u00a0Amsterdam: Rodopi Editions, 324 pp.<\/span><\/p>\n<p><span style=\"color: #000000;\"><strong>Translation from, to, and within the Atlantic Creoles<\/strong>.\u00a0<em>TTR: Traduction, Terminologie, R\u00e9daction<\/em>\u00a03.2, pp. 11-28.<\/span><\/p>\n<p><span style=\"color: #000000;\"><strong>Review<\/strong>\u00a0of\u00a0<em>Islands and Exiles: The Creole Identities of Post\/Colonial Literature<\/em>, Chris Bongie.\u00a0<em>Comparative Literature Studies<\/em>, 37.2, pp. 258-60.<\/span><\/p>\n<p><span style=\"color: #000000;\"><strong>1997<\/strong><\/span><\/p>\n<p><span style=\"color: #000000;\"><strong>Islands, Enclaves, Continua: Notes toward a Comparative History of Caribbean Creole Literature<\/strong>. In<em>\u00a0History of Literatures in the Caribbean<\/em>, A. James Arnold, ed.\u00a0 Amsterdam: John Benjamins, pp. 29-56.<\/span><\/p>\n<p><span style=\"color: #000000;\"><strong>1995\u00a0<\/strong><\/span><\/p>\n<p><span style=\"color: #000000;\"><strong>One Man&#8217;s\u00a0<em>Sande<\/em>: Roger Dorsinville&#8217;s Photographic Initiation<\/strong>.\u00a0<em>Research in African Literatures<\/em>\u00a026.4, pp. 151-167.<\/span><\/p>\n<p><span style=\"color: #000000;\"><strong>Two-Faced Literatures: A Caribbean Creole Dilemma<\/strong>. In\u00a0<em>Latin America as Its Literature<\/em>, M.E. de Vald\u00e9s, M. Vald\u00e9s, R.A. Young, eds. Council on National Literatures World Report Vol. VIII. Whitestone, N.Y.: Council on National Literatures, pp. 188-201.<\/span><\/p>\n<p><span style=\"color: #000000;\"><strong>Literary Aspects of Creole Bibles, with Particular Reference to the Haitian\u00a0<em>Bib la<\/em><\/strong>. In\u00a0<em>Semper Aliquid Novi: M\u00e9langes offerts \u00e0 Albert G\u00e9rard, Litt\u00e9rature Compar\u00e9e et Litt\u00e9ratures d&#8217;Afrique<\/em>, Alain Ricard et J\u00e1nos Riesz, eds. T\u00fcbingen: Gunter Narr Verlag, pp. 123-130.<\/span><\/p>\n<p><strong>1990<\/strong><\/p>\n<p><span style=\"color: #000000;\"><strong>La Fontaine Transmogrified: Creole Proverbs and the\u00a0<em>Cric? Cric!<\/em>\u00a0of Georges Sylvain<\/strong>.\u00a0<em>The French Review<\/em>, 63.4, pp. 679-693.<\/span><\/p>\n<p><span style=\"color: #000000;\"><strong>Review<\/strong>\u00a0of\u00a0<em>Pays natal<\/em>, Max Dorsinville.\u00a0<em>Canadian Review of Comparative Literature<\/em>, 14.2, pp. 326-329.<\/span><\/p>\n<p>&nbsp;<\/p>\n<div class=\"likebtn_container\" style=\"\"><!-- LikeBtn.com BEGIN --><span class=\"likebtn-wrapper\"  data-identifier=\"page_4083\"  data-site_id=\"56b78e2ba4c688a2131dca0b\"  data-style=\"\"  data-unlike_allowed=\"\"  data-show_copyright=\"\"  data-item_url=\"https:\/\/alteritas.net\/GXL\/?page_id=4083\"  data-item_title=\"Writings on Haiti and Haitian Kreyol\"  data-item_date=\"2018-05-27T16:56:34-07:00\"  data-engine=\"WordPress\"  data-plugin_v=\"2.6.59\"  data-prx=\"https:\/\/alteritas.net\/GXL\/wp-admin\/admin-ajax.php?action=likebtn_prx\"  data-event_handler=\"likebtn_eh\" ><\/span><!-- LikeBtn.com END --><\/div>","protected":false},"excerpt":{"rendered":"<p>A sidelist of publications touching on Haiti and Haitian Kreyol, preceded by the Kreyol language Wiki on yours truly:\u00a0https:\/\/ht.wikipedia.org\/wiki\/George_Lang 2018 Review of Haitian Creole: Structure, Variation, Status, Origin. Albert \u00a0Valdman. Sheffield: Equinox Publishing.\u00a0Journal of Pidgin and Creole Linguistics. 33.1 (2018), pp. 203-205. JPCL Lang 33.1 PDF 2005 Basilects in Creole Literatures.\u00a0Journal of Pidgin and Creole &hellip; <\/p>\n<p class=\"link-more\"><a href=\"https:\/\/alteritas.net\/GXL\/?page_id=4083\" class=\"more-link\">Continue reading<span class=\"screen-reader-text\"> &#8220;Writings on Haiti and Haitian Kreyol&#8221;<\/span><\/a><\/p>\n<div class=\"likebtn_container\" style=\"\"><!-- LikeBtn.com BEGIN --><span class=\"likebtn-wrapper\"  data-identifier=\"page_4083\"  data-site_id=\"56b78e2ba4c688a2131dca0b\"  data-style=\"\"  data-unlike_allowed=\"\"  data-show_copyright=\"\"  data-item_url=\"https:\/\/alteritas.net\/GXL\/?page_id=4083\"  data-item_title=\"Writings on Haiti and Haitian Kreyol\"  data-item_date=\"2018-05-27T16:56:34-07:00\"  data-engine=\"WordPress\"  data-plugin_v=\"2.6.59\"  data-prx=\"https:\/\/alteritas.net\/GXL\/wp-admin\/admin-ajax.php?action=likebtn_prx\"  data-event_handler=\"likebtn_eh\" ><\/span><!-- LikeBtn.com END --><\/div>","protected":false},"author":1,"featured_media":0,"parent":471,"menu_order":0,"comment_status":"closed","ping_status":"closed","template":"","meta":{"footnotes":""},"class_list":["post-4083","page","type-page","status-publish","hentry"],"jetpack_sharing_enabled":true,"_links":{"self":[{"href":"https:\/\/alteritas.net\/GXL\/index.php?rest_route=\/wp\/v2\/pages\/4083","targetHints":{"allow":["GET"]}}],"collection":[{"href":"https:\/\/alteritas.net\/GXL\/index.php?rest_route=\/wp\/v2\/pages"}],"about":[{"href":"https:\/\/alteritas.net\/GXL\/index.php?rest_route=\/wp\/v2\/types\/page"}],"author":[{"embeddable":true,"href":"https:\/\/alteritas.net\/GXL\/index.php?rest_route=\/wp\/v2\/users\/1"}],"replies":[{"embeddable":true,"href":"https:\/\/alteritas.net\/GXL\/index.php?rest_route=%2Fwp%2Fv2%2Fcomments&post=4083"}],"version-history":[{"count":8,"href":"https:\/\/alteritas.net\/GXL\/index.php?rest_route=\/wp\/v2\/pages\/4083\/revisions"}],"predecessor-version":[{"id":4102,"href":"https:\/\/alteritas.net\/GXL\/index.php?rest_route=\/wp\/v2\/pages\/4083\/revisions\/4102"}],"up":[{"embeddable":true,"href":"https:\/\/alteritas.net\/GXL\/index.php?rest_route=\/wp\/v2\/pages\/471"}],"wp:attachment":[{"href":"https:\/\/alteritas.net\/GXL\/index.php?rest_route=%2Fwp%2Fv2%2Fmedia&parent=4083"}],"curies":[{"name":"wp","href":"https:\/\/api.w.org\/{rel}","templated":true}]}}