{"id":4188,"date":"2018-11-18T09:59:37","date_gmt":"2018-11-18T17:59:37","guid":{"rendered":"https:\/\/alteritas.net\/GXL\/?page_id=4188"},"modified":"2018-12-06T15:25:22","modified_gmt":"2018-12-06T23:25:22","slug":"handout-to-hafezs-joseph-gone-astray-%db%8c%d9%88%d8%b3%d9%81-%da%af%d9%85%da%af%d8%b4%d8%aa%d9%87","status":"publish","type":"page","link":"https:\/\/alteritas.net\/GXL\/?page_id=4188","title":{"rendered":"Handout to Hafez&#8217;s &#8220;Joseph Gone Astray&#8221; \/ \u06cc\u0648\u0633\u0641 \u06af\u0645\u06af\u0634\u062a\u0647"},"content":{"rendered":"<p>&nbsp;<\/p>\n<p><a href=\"https:\/\/alteritas.net\/GXL\/wp-content\/uploads\/2018\/11\/images-1.jpeg\"><img loading=\"lazy\" decoding=\"async\" class=\"aligncenter size-full wp-image-4189\" src=\"https:\/\/alteritas.net\/GXL\/wp-content\/uploads\/2018\/11\/images-1.jpeg\" alt=\"\" width=\"274\" height=\"184\" \/><\/a><\/p>\n<p style=\"text-align: center;\"><em>Bringing Joseph Home<\/em>: Theory and Pragmatics <span class=\"Apple-converted-space\"><br \/>\n<\/span>of a Translated Ghazal from Hafez-e Shirazi<\/p>\n<p style=\"text-align: center;\">George Lang \/ georgelang3@me.com<\/p>\n<h1 style=\"text-align: center;\"><strong>\u06cc\u0648\u0633\u0641 \u06af\u0645\u06af\u0634\u062a\u0647 \u0628\u0627\u0632\u0622\u06cc\u062f \u0628\u0647 \u06a9\u0646\u0639\u0627\u0646 \u063a\u0645 \u0645\u062e\u0648\u0631<\/strong><br \/>\n<strong>\u06a9\u0644\u0628\u0647 \u0627\u062d\u0632\u0627\u0646 \u0634\u0648\u062f \u0631\u0648\u0632\u06cc \u06af\u0644\u0633\u062a\u0627\u0646 \u063a\u0645 \u0645\u062e\u0648\u0631<\/strong><\/h1>\n<p style=\"text-align: center;\"><span style=\"color: #000080;\"><em>yusef-e gomgashteh b\u0101z \u0101yad beh kan&#8217;\u0101n qam mikhur<\/em><\/span><br \/>\n<span style=\"color: #000080;\"><em>kolbe-ye ahz\u0101n shavad ruzi golest\u0101n qam mikhur<\/em><\/span><\/p>\n<p style=\"padding-left: 30px; text-align: center;\">Grieve not!\u00a0Joseph gone<span class=\"Apple-converted-space\"><br \/>\n<\/span>astray will find his way to Canaan.<br \/>\nGrieve not! From the cell where<span class=\"Apple-converted-space\"><br \/>\n<\/span>sorrows dwell will spring a stand of flowers.<\/p>\n<p style=\"text-align: center;\"><b><i>Useful Links<\/i><\/b><\/p>\n<p style=\"text-align: center;\"><i>\u00a0<a href=\"https:\/\/alteritas.net\/GXL\/wp-content\/uploads\/2018\/12\/Bringing-Joseph-PPT.pptx\">Bringing Joseph PPT<\/a><\/i><i>\u00a0\/ \u00a0<\/i><a href=\"https:\/\/alteritas.net\/GXL\/?p=4198\"><i>Complete translation<\/i><\/a><i> of &#8220;Joseph Gone Astray&#8221;<\/i><\/p>\n<p style=\"text-align: center;\"><i>Musical setting (text begins at 2:00) <\/i><a href=\"https:\/\/www.youtube.com\/watch?v=mez_h7ZIHZw%5B\"><i>https:\/\/www.youtube.com\/watch?v=mez_h7ZIHZw[<\/i><\/a><\/p>\n<p style=\"text-align: center;\"><i><span class=\"Apple-converted-space\">\u00a0<\/span>Musical setting (text begins at 4:10) <\/i><a href=\"https:\/\/www.youtube.com\/watch?v=mez_h7ZIHZw\"><i>https:\/\/www.youtube.com\/watch?v=mez_h7ZIHZw<\/i><\/a><\/p>\n<p style=\"text-align: center;\"><b><i>References<\/i><\/b><\/p>\n<p>Emily APTER. 2006. <i>The Translation Zone. A New Comparative Literature<\/i>. Princeton: Princeton University Press.<span class=\"Apple-converted-space\">\u00a0<\/span><\/p>\n<p>Omid AZADIBOUGAR. 2011. <i>The Persian Novel: Ideology, Fiction and Form in the Periphery<\/i>. Amsterdam: Rodopi.<span class=\"Apple-converted-space\">\u00a0<\/span><\/p>\n<p>Christophe BALA\u0178. 1998. <i>La Gen\u00e8se du roman persan moderne<\/i>. T\u00e9r\u00e9ran: Institut fran\u00e7ais de recherche en Iran.<span class=\"Apple-converted-space\">\u00a0<\/span><\/p>\n<p>Itamar EVEN-ZOHAR. 2012. <i>The Position of Translated Literature within the Literary Polysystem<\/i>. In Lawrence Venuti, ed. <i>The Translation Studies Reader<\/i>, 3rd edition. New York: Routledge, 162-7.<\/p>\n<p>Roman INGARDEN. 1973. <i>The Literary Work of Art<\/i>, translated by George G. Grabowicz, Evanston, Illinois: Northwestern University Press.<\/p>\n<p>Alexander JABBARI. 2016. <i>The Making of Modernity in Persianate Literary History<\/i>. <i>Comparative Studies of South Asia, Afrirca and the Middle East<\/i> 36.3, 418-35.<\/p>\n<p>Hassan KAMSAD. 1996. <i>Modern Persian Prose Literature<\/i>. Bethesda: Iranbooks.<span class=\"Apple-converted-space\">\u00a0<\/span><\/p>\n<p>George LANG. 1992. <i>La belle alt\u00e9rit\u00e9: Towards a Dialogical Paradigm in Translation Studies. Canadian Review of Comparative Literature. <\/i>March\/June.<\/p>\n<p><i>\u2014\u2014\u2014\u2014. <\/i>1987.<i> <\/i>\u201cPeriphery as Paradigm: Creole Literatures and the Polysystem\u201d<i>.\u00a0Poetics Today, 8.3-4, 529-537.<\/i><\/p>\n<p>Jeremy MUNDAY. 2016. <i>Introducing Translation Studies: Theories and Applications, <\/i>4th edition<i>. <\/i>New York: Routledge.<span class=\"Apple-converted-space\">\u00a0<\/span><\/p>\n<p>Nasrin RAHIMIEH. 2008. \u201cHedayat\u2019s Translations of Kafka and the Logic of Iranian Modernity\u201d. In Homa KATOUZIAN, ed. <i>Sadeq Hadayat: His Work and his Wonderous World<\/i>. New York: Routledge.<span class=\"Apple-converted-space\">\u00a0<\/span><\/p>\n<p>Wheeler M. THACKSTON. 1994.<i> A Millennium of Classical Persian Poetry. <\/i>Bethesda: Iranbooks.<\/p>\n<p>Gideon TOURY. 1995\/2012. <i>Descriptive Translation Studies \u2014 And Beyond<\/i>. Amsterdam: John Benjamins.<\/p>\n<p>Luc VAN DOORSLAER. 2007. \u201cRisking Conceptual Maps\u201d.<span class=\"Apple-converted-space\">\u00a0 <\/span>In Y. GAMBIER and L. VAN DOORSLAER, eds. <i>The Metalanguage of Translation<\/i>. special issue of <i>Target<\/i> 19\/2: 217-33.<span class=\"Apple-converted-space\">\u00a0<\/span><\/p>\n<div class=\"likebtn_container\" style=\"\"><!-- LikeBtn.com BEGIN --><span class=\"likebtn-wrapper\"  data-identifier=\"page_4188\"  data-site_id=\"56b78e2ba4c688a2131dca0b\"  data-style=\"\"  data-unlike_allowed=\"\"  data-show_copyright=\"\"  data-item_url=\"https:\/\/alteritas.net\/GXL\/?page_id=4188\"  data-item_title=\"Handout to Hafez&#039;s &quot;Joseph Gone Astray&quot; \/ \u06cc\u0648\u0633\u0641 \u06af\u0645\u06af\u0634\u062a\u0647\"  data-item_date=\"2018-11-18T09:59:37-08:00\"  data-engine=\"WordPress\"  data-plugin_v=\"2.6.59\"  data-prx=\"https:\/\/alteritas.net\/GXL\/wp-admin\/admin-ajax.php?action=likebtn_prx\"  data-event_handler=\"likebtn_eh\" ><\/span><!-- LikeBtn.com END --><\/div>","protected":false},"excerpt":{"rendered":"<p>&nbsp; Bringing Joseph Home: Theory and Pragmatics of a Translated Ghazal from Hafez-e Shirazi George Lang \/ georgelang3@me.com \u06cc\u0648\u0633\u0641 \u06af\u0645\u06af\u0634\u062a\u0647 \u0628\u0627\u0632\u0622\u06cc\u062f \u0628\u0647 \u06a9\u0646\u0639\u0627\u0646 \u063a\u0645 \u0645\u062e\u0648\u0631 \u06a9\u0644\u0628\u0647 \u0627\u062d\u0632\u0627\u0646 \u0634\u0648\u062f \u0631\u0648\u0632\u06cc \u06af\u0644\u0633\u062a\u0627\u0646 \u063a\u0645 \u0645\u062e\u0648\u0631 yusef-e gomgashteh b\u0101z \u0101yad beh kan&#8217;\u0101n qam mikhur kolbe-ye ahz\u0101n shavad ruzi golest\u0101n qam mikhur Grieve not!\u00a0Joseph gone astray will find his way &hellip; <\/p>\n<p class=\"link-more\"><a href=\"https:\/\/alteritas.net\/GXL\/?page_id=4188\" class=\"more-link\">Continue reading<span class=\"screen-reader-text\"> &#8220;Handout to Hafez&#8217;s &#8220;Joseph Gone Astray&#8221; \/ \u06cc\u0648\u0633\u0641 \u06af\u0645\u06af\u0634\u062a\u0647&#8221;<\/span><\/a><\/p>\n<div class=\"likebtn_container\" style=\"\"><!-- LikeBtn.com BEGIN --><span class=\"likebtn-wrapper\"  data-identifier=\"page_4188\"  data-site_id=\"56b78e2ba4c688a2131dca0b\"  data-style=\"\"  data-unlike_allowed=\"\"  data-show_copyright=\"\"  data-item_url=\"https:\/\/alteritas.net\/GXL\/?page_id=4188\"  data-item_title=\"Handout to Hafez&#039;s &quot;Joseph Gone Astray&quot; \/ \u06cc\u0648\u0633\u0641 \u06af\u0645\u06af\u0634\u062a\u0647\"  data-item_date=\"2018-11-18T09:59:37-08:00\"  data-engine=\"WordPress\"  data-plugin_v=\"2.6.59\"  data-prx=\"https:\/\/alteritas.net\/GXL\/wp-admin\/admin-ajax.php?action=likebtn_prx\"  data-event_handler=\"likebtn_eh\" ><\/span><!-- LikeBtn.com END --><\/div>","protected":false},"author":1,"featured_media":0,"parent":469,"menu_order":0,"comment_status":"closed","ping_status":"closed","template":"","meta":{"footnotes":""},"class_list":["post-4188","page","type-page","status-publish","hentry"],"jetpack_sharing_enabled":true,"_links":{"self":[{"href":"https:\/\/alteritas.net\/GXL\/index.php?rest_route=\/wp\/v2\/pages\/4188","targetHints":{"allow":["GET"]}}],"collection":[{"href":"https:\/\/alteritas.net\/GXL\/index.php?rest_route=\/wp\/v2\/pages"}],"about":[{"href":"https:\/\/alteritas.net\/GXL\/index.php?rest_route=\/wp\/v2\/types\/page"}],"author":[{"embeddable":true,"href":"https:\/\/alteritas.net\/GXL\/index.php?rest_route=\/wp\/v2\/users\/1"}],"replies":[{"embeddable":true,"href":"https:\/\/alteritas.net\/GXL\/index.php?rest_route=%2Fwp%2Fv2%2Fcomments&post=4188"}],"version-history":[{"count":8,"href":"https:\/\/alteritas.net\/GXL\/index.php?rest_route=\/wp\/v2\/pages\/4188\/revisions"}],"predecessor-version":[{"id":4222,"href":"https:\/\/alteritas.net\/GXL\/index.php?rest_route=\/wp\/v2\/pages\/4188\/revisions\/4222"}],"up":[{"embeddable":true,"href":"https:\/\/alteritas.net\/GXL\/index.php?rest_route=\/wp\/v2\/pages\/469"}],"wp:attachment":[{"href":"https:\/\/alteritas.net\/GXL\/index.php?rest_route=%2Fwp%2Fv2%2Fmedia&parent=4188"}],"curies":[{"name":"wp","href":"https:\/\/api.w.org\/{rel}","templated":true}]}}