{"id":1002,"date":"2014-12-16T15:28:57","date_gmt":"2014-12-16T23:28:57","guid":{"rendered":"http:\/\/alteritas.net\/pastis\/?page_id=1002"},"modified":"2022-05-13T12:18:58","modified_gmt":"2022-05-13T19:18:58","slug":"drahtselkunstler","status":"publish","type":"page","link":"https:\/\/alteritas.net\/pastis\/inventory\/drahtselkunstler\/","title":{"rendered":"Drahtseilk\u00fcnstler"},"content":{"rendered":"<p>Dichten ist schrecklich.<br \/>\nNiemand weiss genau<br \/>\nwie die W\u00f6rter Worte<br \/>\nwerden, jedes zuerst<br \/>\nein Belvedere, vor dem<br \/>\nAbgr\u00fcnde g\u00e4hnen.<br \/>\nDie Worte, nicht mehr<br \/>\nW\u00f6rter, sind aneinander<br \/>\nwie schaukelnde Seile<br \/>\ngekettet, die jeder,<br \/>\nder dichtet und ohne Griff<br \/>\nL\u00f6cher in die Luft guckt,<br \/>\nsorgf\u00e4ltig beschreitet,<br \/>\num nicht in die Kluft<span class=\"Apple-converted-space\"><br \/>\n<\/span>hineinzurutschen.\u00a0Dichter<br \/>\nm\u00fcssen\u00a0schwindelfrei.<\/p>\n<p><i>***<\/i><\/p>\n<p><i>Writing is frightening. No one knows exactly how words end up linking in a chain, each one at first an outlook beneath which a chasm opens. When individual words join in a line of verse they are like a swinging cable, and whoever writes and, without a firm hold, looks into empty air must tread carefully so not to plunge into the gulf below. A poet must have a head for heights.<span class=\"Apple-converted-space\">\u00a0<\/span><\/i><\/p>\n<p><i>[My translation from my German]<\/i><\/p>\n<!-- AddThis Advanced Settings generic via filter on the_content --><!-- AddThis Share Buttons generic via filter on the_content -->","protected":false},"excerpt":{"rendered":"<p>Dichten ist schrecklich. Niemand weiss genau wie die W\u00f6rter Worte werden, jedes zuerst ein Belvedere, vor dem Abgr\u00fcnde g\u00e4hnen. Die Worte, nicht mehr W\u00f6rter, sind aneinander wie schaukelnde Seile gekettet, die jeder, der dichtet und ohne Griff L\u00f6cher in die Luft guckt, sorgf\u00e4ltig beschreitet, um nicht in die Kluft hineinzurutschen.\u00a0Dichter m\u00fcssen\u00a0schwindelfrei. *** Writing is frightening. &hellip; <\/p>\n<p class=\"link-more\"><a href=\"https:\/\/alteritas.net\/pastis\/inventory\/drahtselkunstler\/\" class=\"more-link\">Continue reading<span class=\"screen-reader-text\"> &#8220;Drahtseilk\u00fcnstler&#8221;<\/span><\/a><\/p>\n<p><!-- AddThis Advanced Settings generic via filter on get_the_excerpt --><!-- AddThis Share Buttons generic via filter on get_the_excerpt --><\/p>\n","protected":false},"author":1,"featured_media":0,"parent":3496,"menu_order":0,"comment_status":"closed","ping_status":"open","template":"","meta":{"footnotes":""},"class_list":["post-1002","page","type-page","status-publish","hentry"],"_links":{"self":[{"href":"https:\/\/alteritas.net\/pastis\/wp-json\/wp\/v2\/pages\/1002","targetHints":{"allow":["GET"]}}],"collection":[{"href":"https:\/\/alteritas.net\/pastis\/wp-json\/wp\/v2\/pages"}],"about":[{"href":"https:\/\/alteritas.net\/pastis\/wp-json\/wp\/v2\/types\/page"}],"author":[{"embeddable":true,"href":"https:\/\/alteritas.net\/pastis\/wp-json\/wp\/v2\/users\/1"}],"replies":[{"embeddable":true,"href":"https:\/\/alteritas.net\/pastis\/wp-json\/wp\/v2\/comments?post=1002"}],"version-history":[{"count":11,"href":"https:\/\/alteritas.net\/pastis\/wp-json\/wp\/v2\/pages\/1002\/revisions"}],"predecessor-version":[{"id":4602,"href":"https:\/\/alteritas.net\/pastis\/wp-json\/wp\/v2\/pages\/1002\/revisions\/4602"}],"up":[{"embeddable":true,"href":"https:\/\/alteritas.net\/pastis\/wp-json\/wp\/v2\/pages\/3496"}],"wp:attachment":[{"href":"https:\/\/alteritas.net\/pastis\/wp-json\/wp\/v2\/media?parent=1002"}],"curies":[{"name":"wp","href":"https:\/\/api.w.org\/{rel}","templated":true}]}}