{"id":1231,"date":"2015-04-07T07:42:14","date_gmt":"2015-04-07T14:42:14","guid":{"rendered":"http:\/\/alteritas.net\/pastis\/?page_id=1231"},"modified":"2018-01-23T17:02:36","modified_gmt":"2018-01-24T01:02:36","slug":"zeitverschiebung-berlin","status":"publish","type":"page","link":"https:\/\/alteritas.net\/pastis\/inventory\/zeitverschiebung-berlin\/","title":{"rendered":"Zeitverschiebung in Berlin"},"content":{"rendered":"<div>Qu\u00e4lend aus der Puppe,<\/div>\n<div>\n<p>entfalte ich mich frei,<br \/>\nso dass meine klimpernde<br \/>\nFl\u00fcgelspitze Neues<br \/>\nin diesem Bar ber\u00fchren,<br \/>\nwohin unbekannte<br \/>\nLeute in allen Kanten<br \/>\nsitzen bleiben, ohne sich<br \/>\nherausgehen zu k\u00f6nnen,<br \/>\ndenn sie bleibt, wo sie sind.<\/p>\n<\/div>\n<div>\n<p>&nbsp;<\/p>\n<\/div>\n<div><\/div>\n<p>&nbsp;<\/p>\n<!-- AddThis Advanced Settings generic via filter on the_content --><!-- AddThis Share Buttons generic via filter on the_content -->","protected":false},"excerpt":{"rendered":"<p>Qu\u00e4lend aus der Puppe, entfalte ich mich frei, so dass meine klimpernde Fl\u00fcgelspitze Neues in diesem Bar ber\u00fchren, wohin unbekannte Leute in allen Kanten sitzen bleiben, ohne sich herausgehen zu k\u00f6nnen, denn sie bleibt, wo sie sind. &nbsp; &nbsp;<!-- AddThis Advanced Settings generic via filter on get_the_excerpt --><!-- AddThis Share Buttons generic via filter on get_the_excerpt --><\/p>\n","protected":false},"author":1,"featured_media":0,"parent":3496,"menu_order":0,"comment_status":"closed","ping_status":"open","template":"","meta":{"footnotes":""},"class_list":["post-1231","page","type-page","status-publish","hentry"],"_links":{"self":[{"href":"https:\/\/alteritas.net\/pastis\/wp-json\/wp\/v2\/pages\/1231","targetHints":{"allow":["GET"]}}],"collection":[{"href":"https:\/\/alteritas.net\/pastis\/wp-json\/wp\/v2\/pages"}],"about":[{"href":"https:\/\/alteritas.net\/pastis\/wp-json\/wp\/v2\/types\/page"}],"author":[{"embeddable":true,"href":"https:\/\/alteritas.net\/pastis\/wp-json\/wp\/v2\/users\/1"}],"replies":[{"embeddable":true,"href":"https:\/\/alteritas.net\/pastis\/wp-json\/wp\/v2\/comments?post=1231"}],"version-history":[{"count":17,"href":"https:\/\/alteritas.net\/pastis\/wp-json\/wp\/v2\/pages\/1231\/revisions"}],"predecessor-version":[{"id":3438,"href":"https:\/\/alteritas.net\/pastis\/wp-json\/wp\/v2\/pages\/1231\/revisions\/3438"}],"up":[{"embeddable":true,"href":"https:\/\/alteritas.net\/pastis\/wp-json\/wp\/v2\/pages\/3496"}],"wp:attachment":[{"href":"https:\/\/alteritas.net\/pastis\/wp-json\/wp\/v2\/media?parent=1231"}],"curies":[{"name":"wp","href":"https:\/\/api.w.org\/{rel}","templated":true}]}}