{"id":1774,"date":"2015-05-03T09:39:17","date_gmt":"2015-05-03T16:39:17","guid":{"rendered":"http:\/\/alteritas.net\/pastis\/?page_id=1774"},"modified":"2025-11-08T08:40:34","modified_gmt":"2025-11-08T16:40:34","slug":"cadieuxs-lament","status":"publish","type":"page","link":"https:\/\/alteritas.net\/pastis\/translations\/cadieuxs-lament\/","title":{"rendered":"Cadieux&#8217;s Lament"},"content":{"rendered":"<p><span style=\"color: #000000;\">By this boulder near Calumet Falls<\/span><br \/>\n<span style=\"color: #000000;\">I languish alone as Death calls.<\/span><br \/>\n<span style=\"color: #000000;\">Dear Echos, but you hear my sigh<\/span><br \/>\n<span style=\"color: #000000;\">on this last portage I ply.<\/span><\/p>\n<p><span style=\"color: #000000;\">Frail birds, your sweet melodies<\/span><br \/>\n<span style=\"color: #000000;\">are music at my obsequies.<\/span><br \/>\n<span style=\"color: #000000;\">Had I wings like yours I would fly,<\/span><br \/>\n<span style=\"color: #000000;\">not in my grave putrefy.\u00a0<\/span><\/p>\n<p><span style=\"color: #000000;\">Alone through the woods I\u2019d hurried.<\/span><br \/>\n<span style=\"color: #000000;\">For the fate of my friends I\u2019d worried.<\/span><br \/>\n<span style=\"color: #000000;\">Had they drowned in the chute?<\/span><br \/>\n<span style=\"color: #000000;\"> Did the Iroquois catch them on route?<\/span><\/p>\n<p><span style=\"color: #000000;\">One day coming back from a jaunt,\u00a0<\/span><br \/>\n<span style=\"color: #000000;\">I saw smoke coming up from my haunt.<\/span><br \/>\n<span style=\"color: #000000;\"> My first thought: something\u2019s amock.<\/span><br \/>\n<span style=\"color: #000000;\">Once again the Iroquois\u2019ve struck.<\/span><\/p>\n<p><span style=\"color: #000000;\">In an instant I hit the dirt<\/span><br \/>\n<span style=\"color: #000000;\">and crept through the bushes alert.<\/span><br \/>\n<span style=\"color: #000000;\">But the faces I spied at my hearth<\/span><br \/>\n<span style=\"color: #000000;\">were French. Joy flooded my heart.<\/span><\/p>\n<p><span style=\"color: #000000;\">[&#8230;.]<\/span><\/p>\n<p><span style=\"color: #000000;\">Now I expire alone. My knees quake,<\/span><br \/>\n<span style=\"color: #000000;\">my voice falters. My friends break\u00a0<\/span><br \/>\n<span style=\"color: #000000;\">camp, while that great Voyageur,<\/span><br \/>\n<span style=\"color: #000000;\">Death, stays on for my massacre.<\/span><\/p>\n<p><span style=\"color: #000000;\">A wolf sneaks up to my home.<\/span><br \/>\n<span style=\"color: #000000;\">The jerky he scents is my own.<\/span><br \/>\n<span style=\"color: #000000;\">Scat from here, beast, away by God,<\/span><br \/>\n<span style=\"color: #000000;\">else your hide feel the blast of a wad.<\/span><\/p>\n<p><span style=\"color: #000000;\">A raven comes to perch on my eaves.<\/span><br \/>\n<span style=\"color: #000000;\">He preys on whatever grieves.<\/span><br \/>\n<span style=\"color: #000000;\">Carnivore, I cry, though I lie supine,<\/span><br \/>\n<span style=\"color: #000000;\">there is much better meat than mine.<\/span><\/p>\n<p><span style=\"color: #000000;\">In the swampy woods he made his redoubt<\/span><br \/>\n<span style=\"color: #000000;\">there lies at least one Iroquois scout<\/span><br \/>\n<span style=\"color: #000000;\">with much more succulent flesh and bone.<\/span><br \/>\n<span style=\"color: #000000;\">My stinking cadaver, pray\u00a0leave it alone.<\/span><\/p>\n<p><span style=\"color: #000000;\">Nightingale, fly to my loyal mate.<\/span><br \/>\n<span style=\"color: #000000;\">Let her break to the children my fate.<\/span><br \/>\n<span style=\"color: #000000;\">They have my love. I\u2019ve kept my faith.<\/span><br \/>\n<span style=\"color: #000000;\">Forget poor Jean, this wraith.<\/span><\/p>\n<p><span style=\"color: #000000;\">So now as I give up the ghost<\/span><br \/>\n<span style=\"color: #000000;\">I count on the Saviour uttermost.<\/span><br \/>\n<span style=\"color: #000000;\">O Holy Virgin, I implore your charms.<\/span><br \/>\n<span style=\"color: #000000;\">Allow that I die in Your arms.<\/span><\/p>\n<p><span style=\"color: #000000;\"><b>After <i>La complaint de Cadieux<\/i> (anon.)<\/b><\/span><\/p>\n<p><span style=\"color: #000000;\"><i>Petit Rocher de la Haute Montagne,<br \/>\n<\/i><i>Je viens finir ici cette campagne!<br \/>\nAh! doux \u00e9chos, entendez mes soupirs,<br \/>\n<\/i><i>En languissant je vais bient\u00f4t mourir.\u00a0<\/i><\/span><\/p>\n<p><span style=\"color: #000000;\"><i>Peits oiseaux, vos douces harmonies<br \/>\n<\/i><i>Quand vous chantez, me rattach\u2019 \u00e0 la vie :<br \/>\n<\/i><i>Ah! si j\u2019avais des ailes comme vous,<br \/>\n<\/i><i>Je s\u2019rais heureux avant qu\u2019il ne fut deux jours!<\/i><\/span><\/p>\n<p><span style=\"color: #000000;\"><i>Seul en ces bois, que j\u2019ai eu de soucis,<br \/>\n<\/i><i>Pensant toujours \u00e0 mes si chers amis.<br \/>\n<\/i><i>Je demandais : H\u00e9las! sont-ils noy\u00e9s ?<br \/>\n<\/i><i>Les Iroquois les auraient-ils tu\u00e9s ?<\/i><\/span><\/p>\n<p><span style=\"color: #000000;\"><i>Un de ces jours que, m\u2019\u00e9tat \u00e9loign\u00e9,<br \/>\n<\/i><i>En revenant je vis une fum\u00e9e.<br \/>\n<\/i><i>Je me suis dit : Ah! Grand Dieu qu\u2019est ceci ?<br \/>\n<\/i><i>Les Iroquois m\u2019ont-il pris mon logis ?<\/i><\/span><\/p>\n<p><span style=\"color: #000000;\"><i>Je me suis mis un peu \u00e0 l\u2019ambassade,<br \/>\n<\/i><i>Afin de voir si c\u2019\u00e9tait embuscade.<br \/>\n<\/i><i>Alors je vis trois visages fran\u00e7ais,<br \/>\n<\/i><i>M\u2019ont mis le coeur d\u2019une trop grande joie !<\/i><\/span><\/p>\n<p>[&#8230;.]<\/p>\n<p><span style=\"color: #000000;\"><i><br \/>\nMes genoux plient, ma faible voix s\u2019arr\u00eate.<br \/>\n<\/i><i>Je tombe &#8230; H\u00e9las, \u00e0 partir qu\u2019il s\u2019appr\u00eatent :<br \/>\n<\/i><i>Je reste seul &#8230; Pas un qui me console,<br \/>\n<\/i><i>Quand la mort vient par un si grand d\u00e9sole !<\/i><\/span><\/p>\n<p><span style=\"color: #000000;\"><i>Un loup hurlant vient pr\u00e8s de ma cabane<br \/>\n<\/i><i>Voir si mon feu n\u2019avait plus de boucane.<br \/>\n<\/i><i>Je lui ai dit : Retire-toi d\u2019ici,<br \/>\n<\/i><i>Car, par ma foi, je perc\u2019rai ton habit !<\/i><\/span><\/p>\n<p><span style=\"color: #000000;\"><i>Un noir corbeau, volant \u00e0 l\u2019aventure,<br \/>\n<\/i><i>Vient de percher tout pr\u00e8s de ma toiture.<br \/>\n<\/i><i>Je lui ai dit : Mangeur de chair humaine,<br \/>\n<\/i><i>Va-t\u2019en chercher autre viande que mienne.<\/i><\/span><\/p>\n<p><span style=\"color: #000000;\"><i>Va-t\u2019en l\u00e0 bas, dans ces bois et marais,<br \/>\n<\/i><i>Tu trouveras plusieurs corps iroquois.<br \/>\n<\/i><i>Tu trouveras des chair, aussi des os.<br \/>\n<\/i><i>Va-t\u2019en plus loin, laisse-moi en repos !<\/i><\/span><\/p>\n<p><span style=\"color: #000000;\"><i>Rossignolet, va dire \u00e0 ma ma\u00eetresse,<br \/>\n<\/i><i>\u00c0 mes enfants qu\u2019un adieu je leur laisse,<br \/>\n<\/i><i>Que j\u2019ai garde mon amour et ma foi,<br \/>\n<\/i><i>Et d\u00e9sormais faut renoncer \u00e0 moi !<\/i><\/span><\/p>\n<p><span style=\"color: #000000;\"><i>C\u2019et donc ici que le mond\u2019 m\u2019abandonne<br \/>\n<\/i><i>Mais j\u2019ai secours en vous Sauveur des hommes !<br \/>\n<\/i><i>Tr\u00e8s Sainte Vierge, ah! m\u2019abandonnez pas.<br \/>\n<\/i><i>Permettez-moi d\u2019mourir entre vos bras !<\/i><\/span><\/p>\n<!-- AddThis Advanced Settings generic via filter on the_content --><!-- AddThis Share Buttons generic via filter on the_content -->","protected":false},"excerpt":{"rendered":"<p>By this boulder near Calumet Falls I languish alone as Death calls. Dear Echos, but you hear my sigh on this last portage I ply. Frail birds, your sweet melodies are music at my obsequies. Had I wings like yours I would fly, not in my grave putrefy.\u00a0 Alone through the woods I\u2019d hurried. For &hellip; <\/p>\n<p class=\"link-more\"><a href=\"https:\/\/alteritas.net\/pastis\/translations\/cadieuxs-lament\/\" class=\"more-link\">Continue reading<span class=\"screen-reader-text\"> &#8220;Cadieux&#8217;s Lament&#8221;<\/span><\/a><\/p>\n<p><!-- AddThis Advanced Settings generic via filter on get_the_excerpt --><!-- AddThis Share Buttons generic via filter on get_the_excerpt --><\/p>\n","protected":false},"author":1,"featured_media":0,"parent":3531,"menu_order":0,"comment_status":"closed","ping_status":"closed","template":"","meta":{"footnotes":""},"class_list":["post-1774","page","type-page","status-publish","hentry"],"_links":{"self":[{"href":"https:\/\/alteritas.net\/pastis\/wp-json\/wp\/v2\/pages\/1774","targetHints":{"allow":["GET"]}}],"collection":[{"href":"https:\/\/alteritas.net\/pastis\/wp-json\/wp\/v2\/pages"}],"about":[{"href":"https:\/\/alteritas.net\/pastis\/wp-json\/wp\/v2\/types\/page"}],"author":[{"embeddable":true,"href":"https:\/\/alteritas.net\/pastis\/wp-json\/wp\/v2\/users\/1"}],"replies":[{"embeddable":true,"href":"https:\/\/alteritas.net\/pastis\/wp-json\/wp\/v2\/comments?post=1774"}],"version-history":[{"count":5,"href":"https:\/\/alteritas.net\/pastis\/wp-json\/wp\/v2\/pages\/1774\/revisions"}],"predecessor-version":[{"id":5144,"href":"https:\/\/alteritas.net\/pastis\/wp-json\/wp\/v2\/pages\/1774\/revisions\/5144"}],"up":[{"embeddable":true,"href":"https:\/\/alteritas.net\/pastis\/wp-json\/wp\/v2\/pages\/3531"}],"wp:attachment":[{"href":"https:\/\/alteritas.net\/pastis\/wp-json\/wp\/v2\/media?parent=1774"}],"curies":[{"name":"wp","href":"https:\/\/api.w.org\/{rel}","templated":true}]}}