{"id":2855,"date":"2016-10-26T21:54:00","date_gmt":"2016-10-27T04:54:00","guid":{"rendered":"http:\/\/alteritas.net\/pastis\/?page_id=2855"},"modified":"2018-01-23T17:24:03","modified_gmt":"2018-01-24T01:24:03","slug":"2855-2","status":"publish","type":"page","link":"https:\/\/alteritas.net\/pastis\/inventory\/2855-2\/","title":{"rendered":"Une fronti\u00e8re en Europe"},"content":{"rendered":"<p>\u00c0 Sarreguemines en France, \u00e0 vingt minutes<br \/>\nde Saarbr\u00fccken en Allemagne, les abeilles<br \/>\ns\u2019en fichent des fronti\u00e8res, comme devraient<br \/>\nle faire les \u00eatres dit humains, qui sont b\u00eates.<\/p>\n<p>&nbsp;<\/p>\n<!-- AddThis Advanced Settings generic via filter on the_content --><!-- AddThis Share Buttons generic via filter on the_content -->","protected":false},"excerpt":{"rendered":"<p>\u00c0 Sarreguemines en France, \u00e0 vingt minutes de Saarbr\u00fccken en Allemagne, les abeilles s\u2019en fichent des fronti\u00e8res, comme devraient le faire les \u00eatres dit humains, qui sont b\u00eates. &nbsp;<!-- AddThis Advanced Settings generic via filter on get_the_excerpt --><!-- AddThis Share Buttons generic via filter on get_the_excerpt --><\/p>\n","protected":false},"author":1,"featured_media":0,"parent":3496,"menu_order":0,"comment_status":"closed","ping_status":"closed","template":"","meta":{"footnotes":""},"class_list":["post-2855","page","type-page","status-publish","hentry"],"_links":{"self":[{"href":"https:\/\/alteritas.net\/pastis\/wp-json\/wp\/v2\/pages\/2855","targetHints":{"allow":["GET"]}}],"collection":[{"href":"https:\/\/alteritas.net\/pastis\/wp-json\/wp\/v2\/pages"}],"about":[{"href":"https:\/\/alteritas.net\/pastis\/wp-json\/wp\/v2\/types\/page"}],"author":[{"embeddable":true,"href":"https:\/\/alteritas.net\/pastis\/wp-json\/wp\/v2\/users\/1"}],"replies":[{"embeddable":true,"href":"https:\/\/alteritas.net\/pastis\/wp-json\/wp\/v2\/comments?post=2855"}],"version-history":[{"count":6,"href":"https:\/\/alteritas.net\/pastis\/wp-json\/wp\/v2\/pages\/2855\/revisions"}],"predecessor-version":[{"id":3429,"href":"https:\/\/alteritas.net\/pastis\/wp-json\/wp\/v2\/pages\/2855\/revisions\/3429"}],"up":[{"embeddable":true,"href":"https:\/\/alteritas.net\/pastis\/wp-json\/wp\/v2\/pages\/3496"}],"wp:attachment":[{"href":"https:\/\/alteritas.net\/pastis\/wp-json\/wp\/v2\/media?parent=2855"}],"curies":[{"name":"wp","href":"https:\/\/api.w.org\/{rel}","templated":true}]}}