{"id":3025,"date":"2016-12-02T15:46:59","date_gmt":"2016-12-02T23:46:59","guid":{"rendered":"http:\/\/alteritas.net\/pastis\/?page_id=3025"},"modified":"2018-01-25T15:17:25","modified_gmt":"2018-01-25T23:17:25","slug":"phanomenologie-der-liebe","status":"publish","type":"page","link":"https:\/\/alteritas.net\/pastis\/inventory\/phanomenologie-der-liebe\/","title":{"rendered":"Ph\u00e4nomenologie der Liebe"},"content":{"rendered":"<p>Ein Z\u00fcndholz,<br \/>\ndessen Flamme<br \/>\ngesch\u00fctzt vor Sorge<br \/>\nin den hohlgemachten<br \/>\nH\u00e4nden unserer<br \/>\nunheimlichen<br \/>\nUmarmung,<br \/>\nmachen wir<br \/>\ndie Mauern<br \/>\nmit unserem Gefl\u00fcster<br \/>\nflackern.<\/p>\n<p><b>After My Own English<\/b><\/p>\n<p><i>A match<br \/>\nwhose flare<br \/>\nis closed from fear<br \/>\nin the cupped hands<br \/>\nof our uncanny<br \/>\nholding, we make<br \/>\nthe walls flicker<br \/>\nwith our whispers.<\/i><\/p>\n<p>&nbsp;<\/p>\n<!-- AddThis Advanced Settings generic via filter on the_content --><!-- AddThis Share Buttons generic via filter on the_content -->","protected":false},"excerpt":{"rendered":"<p>Ein Z\u00fcndholz, dessen Flamme gesch\u00fctzt vor Sorge in den hohlgemachten H\u00e4nden unserer unheimlichen Umarmung, machen wir die Mauern mit unserem Gefl\u00fcster flackern. After My Own English A match whose flare is closed from fear in the cupped hands of our uncanny holding, we make the walls flicker with our whispers. &nbsp;<!-- AddThis Advanced Settings generic via filter on get_the_excerpt --><!-- AddThis Share Buttons generic via filter on get_the_excerpt --><\/p>\n","protected":false},"author":1,"featured_media":0,"parent":3496,"menu_order":0,"comment_status":"closed","ping_status":"closed","template":"","meta":{"footnotes":""},"class_list":["post-3025","page","type-page","status-publish","hentry"],"_links":{"self":[{"href":"https:\/\/alteritas.net\/pastis\/wp-json\/wp\/v2\/pages\/3025","targetHints":{"allow":["GET"]}}],"collection":[{"href":"https:\/\/alteritas.net\/pastis\/wp-json\/wp\/v2\/pages"}],"about":[{"href":"https:\/\/alteritas.net\/pastis\/wp-json\/wp\/v2\/types\/page"}],"author":[{"embeddable":true,"href":"https:\/\/alteritas.net\/pastis\/wp-json\/wp\/v2\/users\/1"}],"replies":[{"embeddable":true,"href":"https:\/\/alteritas.net\/pastis\/wp-json\/wp\/v2\/comments?post=3025"}],"version-history":[{"count":2,"href":"https:\/\/alteritas.net\/pastis\/wp-json\/wp\/v2\/pages\/3025\/revisions"}],"predecessor-version":[{"id":3400,"href":"https:\/\/alteritas.net\/pastis\/wp-json\/wp\/v2\/pages\/3025\/revisions\/3400"}],"up":[{"embeddable":true,"href":"https:\/\/alteritas.net\/pastis\/wp-json\/wp\/v2\/pages\/3496"}],"wp:attachment":[{"href":"https:\/\/alteritas.net\/pastis\/wp-json\/wp\/v2\/media?parent=3025"}],"curies":[{"name":"wp","href":"https:\/\/api.w.org\/{rel}","templated":true}]}}