{"id":3036,"date":"2016-12-03T10:32:25","date_gmt":"2016-12-03T18:32:25","guid":{"rendered":"http:\/\/alteritas.net\/pastis\/?page_id=3036"},"modified":"2025-11-08T08:43:23","modified_gmt":"2025-11-08T16:43:23","slug":"distraught-dream","status":"publish","type":"page","link":"https:\/\/alteritas.net\/pastis\/translations\/distraught-dream\/","title":{"rendered":"Distraught Dream"},"content":{"rendered":"<p>A burst of dust obscured the sun,<br \/>\nspilled down the mountain slopes<br \/>\nto my love<br \/>\nand her lover\u2019s<br \/>\nwinter lair.<\/p>\n<p>A footbridge swayed under<br \/>\nmy steps as I stumbled<br \/>\non without direction.<\/p>\n<p>Just as far over that span<br \/>\nhave I come as since childhood,<\/p>\n<p>so death will be met in its place<br \/>\nsomewhere between me now<br \/>\nand those gray shafts on the opposite shore.<\/p>\n<p>(This all lasted less than an instant<br \/>\n\u2013 what remains of being.)<\/p>\n<p><strong>After the Danish of Henrik Nordbrandt,<\/strong>\u00a0<i><strong>Dr\u00f8m om fortvivlelse<\/strong>\u00a0<\/i><\/p>\n<p><i>En st\u00f8vet sky gik for solen<br \/>\nog lagde bjergsiden ned<br \/>\ntil et vinterleje<br \/>\nfor min elskede<br \/>\nog hendes elsker.<\/i><\/p>\n<p><i>En bro gungrede under mine f\u00f8dder<br \/>\nmen mine skridt<br \/>\nhavde ingen retning.<\/i><\/p>\n<p><i>Der var lige s\u00e5 langt over broen<br \/>\nsom jeg var kommet fra min barndom.<\/i><\/p>\n<p><i>S\u00e5 d\u00f8den m\u00e5tte findes<br \/>\net sted mellem mig og de gr\u00e5 pile<br \/>\np\u00e5 den modsatte bred.<\/i><\/p>\n<p><i>Det hele varede mindre end et minut<br \/>\nmen resten af verden.<\/i><\/p>\n<!-- AddThis Advanced Settings generic via filter on the_content --><!-- AddThis Share Buttons generic via filter on the_content -->","protected":false},"excerpt":{"rendered":"<p>A burst of dust obscured the sun, spilled down the mountain slopes to my love and her lover\u2019s winter lair. A footbridge swayed under my steps as I stumbled on without direction. Just as far over that span have I come as since childhood, so death will be met in its place somewhere between me &hellip; <\/p>\n<p class=\"link-more\"><a href=\"https:\/\/alteritas.net\/pastis\/translations\/distraught-dream\/\" class=\"more-link\">Continue reading<span class=\"screen-reader-text\"> &#8220;Distraught Dream&#8221;<\/span><\/a><\/p>\n<p><!-- AddThis Advanced Settings generic via filter on get_the_excerpt --><!-- AddThis Share Buttons generic via filter on get_the_excerpt --><\/p>\n","protected":false},"author":1,"featured_media":0,"parent":3531,"menu_order":0,"comment_status":"closed","ping_status":"closed","template":"","meta":{"footnotes":""},"class_list":["post-3036","page","type-page","status-publish","hentry"],"_links":{"self":[{"href":"https:\/\/alteritas.net\/pastis\/wp-json\/wp\/v2\/pages\/3036","targetHints":{"allow":["GET"]}}],"collection":[{"href":"https:\/\/alteritas.net\/pastis\/wp-json\/wp\/v2\/pages"}],"about":[{"href":"https:\/\/alteritas.net\/pastis\/wp-json\/wp\/v2\/types\/page"}],"author":[{"embeddable":true,"href":"https:\/\/alteritas.net\/pastis\/wp-json\/wp\/v2\/users\/1"}],"replies":[{"embeddable":true,"href":"https:\/\/alteritas.net\/pastis\/wp-json\/wp\/v2\/comments?post=3036"}],"version-history":[{"count":3,"href":"https:\/\/alteritas.net\/pastis\/wp-json\/wp\/v2\/pages\/3036\/revisions"}],"predecessor-version":[{"id":5145,"href":"https:\/\/alteritas.net\/pastis\/wp-json\/wp\/v2\/pages\/3036\/revisions\/5145"}],"up":[{"embeddable":true,"href":"https:\/\/alteritas.net\/pastis\/wp-json\/wp\/v2\/pages\/3531"}],"wp:attachment":[{"href":"https:\/\/alteritas.net\/pastis\/wp-json\/wp\/v2\/media?parent=3036"}],"curies":[{"name":"wp","href":"https:\/\/api.w.org\/{rel}","templated":true}]}}