{"id":3051,"date":"2016-12-03T10:57:24","date_gmt":"2016-12-03T18:57:24","guid":{"rendered":"http:\/\/alteritas.net\/pastis\/?page_id=3051"},"modified":"2025-03-06T15:51:42","modified_gmt":"2025-03-06T23:51:42","slug":"why-death-should-i-fear-you","status":"publish","type":"page","link":"https:\/\/alteritas.net\/pastis\/translations\/why-death-should-i-fear-you\/","title":{"rendered":"Why, Death, Should I Fear You?"},"content":{"rendered":"<p>Why, Death, should I fear you?<br \/>\nAre you not my flunkey, faithfully serving<br \/>\nbeside me? Do I not watch\u00a0everything you do?<br \/>\nAre you not a mere husk of a man,<br \/>\ndocile, oblivious of whatever<br \/>\nI don\u2019t want you to see? Do you<br \/>\nnot long to have what is mine, glory,<br \/>\nsolitude, love, while but an obsequious<br \/>\nlackey\u00a0at my beck and call?<br \/>\nDo I not guide you around like a dog?<br \/>\nDo you not pliantly lip the words<br \/>\nI put into your mouth? Do you not slavishly<br \/>\nrelish the slightest kindness I grant?<br \/>\nWhat can you see or say without me?<br \/>\nWhere can you go? Dead, shall I<br \/>\nnot become, Death, your own<br \/>\ndeath, whom you, Death,\u00a0should fear,<br \/>\nshould pamper, should love?<\/p>\n<p><strong>After the Spanish of Juan Ram\u00f3n Jimenez<\/strong><\/p>\n<p><em>\u00bfComo, muerte, tenerte<\/em><br \/>\n<em> miedo? \u00bfNo estas conmigo aqu\u00ed trabajando?<\/em><br \/>\n<em> \u00bfNo te toco en mis ojos; no me dices<\/em><br \/>\n<em> que no sabes de nada, que eres hueca,<\/em><br \/>\n<em> inconsciente y pac\u00edfica? \u00bfNo gozas,<\/em><br \/>\n<em> conmigo, todo: gloria, soledad,<\/em><br \/>\n<em> amor, hasta tus tu\u00e9tanos?<\/em><br \/>\n<em> \u00bfNo me est\u00e1s aguantando,<\/em><br \/>\n<em> muerte, de pie la vida?<\/em><br \/>\n<em> \u00bfNo te traigo y te llevo, ciega,<\/em><br \/>\n<em> como tu lazarillo? \u00bfNo repites<\/em><br \/>\n<em> con tu boca pasiva<\/em><br \/>\n<em> lo que quiero que digas? \u00bfNo soportas,<\/em><br \/>\n<em> esclava, la bondad con que te obligo?<\/em><br \/>\n<em> \u00bfQue ver\u00e1s, que dir\u00e1s, ad\u00f3nde ir\u00e1s<\/em><br \/>\n<em> sin m\u00ed? \u00bfNo sere yo, muerte,<\/em><br \/>\n<em> tu muerte, a quien tu, muerte,<\/em><br \/>\n<em> debes temer, mimar, amar?<\/em><\/p>\n<p style=\"text-align: center;\">***<\/p>\n<p>J.R.J. was Andalusian, but I think of the poem as Mexican and I had a belt inscribed in Cuetzalan with its opening line.<\/p>\n<!-- AddThis Advanced Settings generic via filter on the_content --><!-- AddThis Share Buttons generic via filter on the_content -->","protected":false},"excerpt":{"rendered":"<p>Why, Death, should I fear you? Are you not my flunkey, faithfully serving beside me? Do I not watch\u00a0everything you do? Are you not a mere husk of a man, docile, oblivious of whatever I don\u2019t want you to see? Do you not long to have what is mine, glory, solitude, love, while but an &hellip; <\/p>\n<p class=\"link-more\"><a href=\"https:\/\/alteritas.net\/pastis\/translations\/why-death-should-i-fear-you\/\" class=\"more-link\">Continue reading<span class=\"screen-reader-text\"> &#8220;Why, Death, Should I Fear You?&#8221;<\/span><\/a><\/p>\n<p><!-- AddThis Advanced Settings generic via filter on get_the_excerpt --><!-- AddThis Share Buttons generic via filter on get_the_excerpt --><\/p>\n","protected":false},"author":1,"featured_media":0,"parent":3531,"menu_order":0,"comment_status":"closed","ping_status":"closed","template":"","meta":{"footnotes":""},"class_list":["post-3051","page","type-page","status-publish","hentry"],"_links":{"self":[{"href":"https:\/\/alteritas.net\/pastis\/wp-json\/wp\/v2\/pages\/3051","targetHints":{"allow":["GET"]}}],"collection":[{"href":"https:\/\/alteritas.net\/pastis\/wp-json\/wp\/v2\/pages"}],"about":[{"href":"https:\/\/alteritas.net\/pastis\/wp-json\/wp\/v2\/types\/page"}],"author":[{"embeddable":true,"href":"https:\/\/alteritas.net\/pastis\/wp-json\/wp\/v2\/users\/1"}],"replies":[{"embeddable":true,"href":"https:\/\/alteritas.net\/pastis\/wp-json\/wp\/v2\/comments?post=3051"}],"version-history":[{"count":6,"href":"https:\/\/alteritas.net\/pastis\/wp-json\/wp\/v2\/pages\/3051\/revisions"}],"predecessor-version":[{"id":5029,"href":"https:\/\/alteritas.net\/pastis\/wp-json\/wp\/v2\/pages\/3051\/revisions\/5029"}],"up":[{"embeddable":true,"href":"https:\/\/alteritas.net\/pastis\/wp-json\/wp\/v2\/pages\/3531"}],"wp:attachment":[{"href":"https:\/\/alteritas.net\/pastis\/wp-json\/wp\/v2\/media?parent=3051"}],"curies":[{"name":"wp","href":"https:\/\/api.w.org\/{rel}","templated":true}]}}