{"id":3937,"date":"2019-01-24T15:25:59","date_gmt":"2019-01-24T23:25:59","guid":{"rendered":"https:\/\/alteritas.net\/pastis\/?page_id=3937"},"modified":"2019-02-15T16:22:22","modified_gmt":"2019-02-16T00:22:22","slug":"rimbauds-sonnet-du-trou-du-cul","status":"publish","type":"page","link":"https:\/\/alteritas.net\/pastis\/translations\/rimbauds-sonnet-du-trou-du-cul\/","title":{"rendered":"Rimbaud&#8217;s Sonnet du trou du cul"},"content":{"rendered":"<p>Dark, squinched up like the bud of a violet,<br \/>\nit breathes humbly, tucked among tuffs of moss<br \/>\nwhich follow the slope still slick with love&#8217;s gloss<br \/>\nfrom pale ass cheek to the rim of its eyelet.<span class=\"Apple-converted-space\">\u00a0<\/span><\/p>\n<p>Filaments like tears of cream cry out askant<br \/>\nagainst gusts of foul wind driving them astray<br \/>\nthrough fields strewn with clots of reddish clay<br \/>\ntill they peter out down the enticing slant.<span class=\"Apple-converted-space\">\u00a0<\/span><\/p>\n<p>My dream is to butt to its suction cup.<br \/>\nMy soul, for actual coitus hard up,<br \/>\nseeks out this gutter, this nest of tears.<span class=\"Apple-converted-space\">\u00a0<\/span><\/p>\n<p>Swooning olive gland, flute for which to pine,<span class=\"Apple-converted-space\"><br \/>\n<\/span>tube from which slides celestial praline,<br \/>\na feminine Canaan within a mat of hairs.<span class=\"Apple-converted-space\">\u00a0<\/span><\/p>\n<p style=\"text-align: center;\">*<\/p>\n<p><strong>After the poem attributed to Rimbaud in the <em>Pl\u00e9iades<\/em> edition, purportedly co-authored with Paul Verlaine. A parody of the <a href=\"https:\/\/en.wikipedia.org\/wiki\/Blason\">blason<\/a> sub-genre, in particular a series of poems by Albert M\u00e9rat.<\/strong><\/p>\n<p style=\"text-align: center;\">*<\/p>\n<p><em>Obscur et fronc\u00e9 comme un \u0153illet violet,<\/em><br \/>\n<em>Il respire humblement tapi parmi la mousse.<\/em><br \/>\n<em>Humide encor d&#8217;amour, qui suit la rampe douce<\/em><br \/>\n<em>Des fesses blanches jusqu&#8217;au bord de son ourlet.<\/em><\/p>\n<p><em>Des filaments pareils \u00e0 des larmes de lait<\/em><br \/>\n<em>Ont pleur\u00e9 sous l&#8217;autan cruel qui les repousse<\/em><br \/>\n<em>\u00c0 travers de petits caillots de marne rousse,<\/em><br \/>\n<em>Pour s&#8217;aller perdre o\u00f9 la pente les appelait.<\/em><br \/>\n<em>\u00a0<\/em><br \/>\n<em>Mon r\u00eave s&#8217;aboucha souvent \u00e0 sa ventouse ;<\/em><br \/>\n<em>Mon \u00e2me, du co\u00eft mat\u00e9riel jalouse,<\/em><br \/>\n<em>En fit son larmier fauve et son nid de sanglots.<\/em><\/p>\n<p><em>C&#8217;est l&#8217;olive p\u00e2m\u00e9e et la fl\u00fbte c\u00e2line,<\/em><br \/>\n<em>Le tube d&#8217;o\u00f9 descend la c\u00e9leste praline,<\/em><br \/>\n<em>Chanaan f\u00e9minin dans les moiteurs enclos.<\/em><\/p>\n<!-- AddThis Advanced Settings generic via filter on the_content --><!-- AddThis Share Buttons generic via filter on the_content -->","protected":false},"excerpt":{"rendered":"<p>Dark, squinched up like the bud of a violet, it breathes humbly, tucked among tuffs of moss which follow the slope still slick with love&#8217;s gloss from pale ass cheek to the rim of its eyelet.\u00a0 Filaments like tears of cream cry out askant against gusts of foul wind driving them astray through fields strewn &hellip; <\/p>\n<p class=\"link-more\"><a href=\"https:\/\/alteritas.net\/pastis\/translations\/rimbauds-sonnet-du-trou-du-cul\/\" class=\"more-link\">Continue reading<span class=\"screen-reader-text\"> &#8220;Rimbaud&#8217;s Sonnet du trou du cul&#8221;<\/span><\/a><\/p>\n<p><!-- AddThis Advanced Settings generic via filter on get_the_excerpt --><!-- AddThis Share Buttons generic via filter on get_the_excerpt --><\/p>\n","protected":false},"author":1,"featured_media":0,"parent":3531,"menu_order":0,"comment_status":"closed","ping_status":"closed","template":"","meta":{"footnotes":""},"class_list":["post-3937","page","type-page","status-publish","hentry"],"_links":{"self":[{"href":"https:\/\/alteritas.net\/pastis\/wp-json\/wp\/v2\/pages\/3937","targetHints":{"allow":["GET"]}}],"collection":[{"href":"https:\/\/alteritas.net\/pastis\/wp-json\/wp\/v2\/pages"}],"about":[{"href":"https:\/\/alteritas.net\/pastis\/wp-json\/wp\/v2\/types\/page"}],"author":[{"embeddable":true,"href":"https:\/\/alteritas.net\/pastis\/wp-json\/wp\/v2\/users\/1"}],"replies":[{"embeddable":true,"href":"https:\/\/alteritas.net\/pastis\/wp-json\/wp\/v2\/comments?post=3937"}],"version-history":[{"count":2,"href":"https:\/\/alteritas.net\/pastis\/wp-json\/wp\/v2\/pages\/3937\/revisions"}],"predecessor-version":[{"id":3944,"href":"https:\/\/alteritas.net\/pastis\/wp-json\/wp\/v2\/pages\/3937\/revisions\/3944"}],"up":[{"embeddable":true,"href":"https:\/\/alteritas.net\/pastis\/wp-json\/wp\/v2\/pages\/3531"}],"wp:attachment":[{"href":"https:\/\/alteritas.net\/pastis\/wp-json\/wp\/v2\/media?parent=3937"}],"curies":[{"name":"wp","href":"https:\/\/api.w.org\/{rel}","templated":true}]}}