{"id":3973,"date":"2019-05-19T11:07:06","date_gmt":"2019-05-19T18:07:06","guid":{"rendered":"https:\/\/alteritas.net\/pastis\/?page_id=3973"},"modified":"2019-05-19T11:07:06","modified_gmt":"2019-05-19T18:07:06","slug":"rimbauds-coeur-supplicie","status":"publish","type":"page","link":"https:\/\/alteritas.net\/pastis\/translations\/rimbauds-coeur-supplicie\/","title":{"rendered":"Rimbaud&#8217;s Coeur supplici\u00e9"},"content":{"rendered":"<p style=\"text-align: center;\">My poor heart drips at its poop,<br \/>\nstinking of snuff and shag.<br \/>\nSplattered with globs of goop,<br \/>\nmy poor heart drips at its poop.<br \/>\nTaunted by the whole troop<br \/>\nwhose goading led to gag,<br \/>\nmy poor heart drips at its poop,<br \/>\nstinking of snuff and shag.<\/p>\n<p style=\"text-align: center;\">Gangs of stiff-cocked grunts so lewd<br \/>\ndebauched me with their jeers.<br \/>\nAt the rudder, rude and crude:<br \/>\ngangs of stiff-cocked grunts so lewd.<br \/>\nLet the gibes they spewed<br \/>\nbe purged by magic from my ears.<br \/>\nGangs of stiff-cocked grunts so lewd,<br \/>\ndebauched me with their jeers.<\/p>\n<p style=\"text-align: center;\">Once they\u2019d shot their slimy wads,<br \/>\nwhat to do, o violated heart?<br \/>\nBacchic burps rang out at odds<br \/>\nonce they\u2019d shot their slimy wads.<br \/>\nAs I engulfed their prods<br \/>\nI blew out belches of that sort.<br \/>\nOnce they\u2019d shot their slimy wads,<br \/>\nwhat to do, o violated heart?<\/p>\n<p style=\"text-align: center;\">*<\/p>\n<p style=\"text-align: center;\"><em>Mon triste c\u0153ur bave \u00e0 la poupe,<\/em><br \/>\n<em>Mon c\u0153ur couvert de caporal :<\/em><br \/>\n<em>Ils y lancent des jets de soupe<\/em><br \/>\n<em>Mon triste coeur bave \u00e0 la poupe :<\/em><br \/>\n<em>Sous les quolibets de la troupe<\/em><br \/>\n<em>Qui pousse un rire g\u00e9n\u00e9ral,<\/em><br \/>\n<em>Mon triste coeur bave \u00e0 la poupe,<\/em><br \/>\n<em>Mon coeur couvert de caporal.<\/em><\/p>\n<p style=\"text-align: center;\"><em>Ithyphalliques et pioupiesques<\/em><br \/>\n<em>Leurs quolibets l\u2019ont d\u00e9prav\u00e9.<\/em><br \/>\n<em>Au gouvernail, on voit des fresques<\/em><br \/>\n<em>Ithyphalliques et pioupiesques.<\/em><br \/>\n<em>O flots abracadabrantesques<\/em><br \/>\n<em>Prenez mon c\u0153ur, qu\u2019il soit lav\u00e9.<\/em><br \/>\n<em>Ithyphalliques et pioupiesques<\/em><br \/>\n<em>Leurs quolibets l\u2019ont d\u00e9prav\u00e9 !<\/em><\/p>\n<p style=\"text-align: center;\"><em>Quand ils auront tari leurs chiques<\/em><br \/>\n<em>Comment agir, \u00f4 c\u0153ur vol\u00e9 ?<\/em><br \/>\n<em>Ce seront des hoquets bachiques<\/em><br \/>\n<em>Quand ils auront tari leurs chiques<\/em><br \/>\n<em>J\u2019aurai des sursauts stomachiques<\/em><br \/>\n<em>Moi, si mon coeur est raval\u00e9:<\/em><br \/>\n<em>Quand ils auront tari leurs chiques,<\/em><br \/>\n<em>Comment agir, \u00f4 c\u0153ur vol\u00e9 ?<\/em><\/p>\n<!-- AddThis Advanced Settings generic via filter on the_content --><!-- AddThis Share Buttons generic via filter on the_content -->","protected":false},"excerpt":{"rendered":"<p>My poor heart drips at its poop, stinking of snuff and shag. Splattered with globs of goop, my poor heart drips at its poop. Taunted by the whole troop whose goading led to gag, my poor heart drips at its poop, stinking of snuff and shag. Gangs of stiff-cocked grunts so lewd debauched me with &hellip; <\/p>\n<p class=\"link-more\"><a href=\"https:\/\/alteritas.net\/pastis\/translations\/rimbauds-coeur-supplicie\/\" class=\"more-link\">Continue reading<span class=\"screen-reader-text\"> &#8220;Rimbaud&#8217;s Coeur supplici\u00e9&#8221;<\/span><\/a><\/p>\n<p><!-- AddThis Advanced Settings generic via filter on get_the_excerpt --><!-- AddThis Share Buttons generic via filter on get_the_excerpt --><\/p>\n","protected":false},"author":1,"featured_media":0,"parent":3531,"menu_order":0,"comment_status":"closed","ping_status":"closed","template":"","meta":{"footnotes":""},"class_list":["post-3973","page","type-page","status-publish","hentry"],"_links":{"self":[{"href":"https:\/\/alteritas.net\/pastis\/wp-json\/wp\/v2\/pages\/3973","targetHints":{"allow":["GET"]}}],"collection":[{"href":"https:\/\/alteritas.net\/pastis\/wp-json\/wp\/v2\/pages"}],"about":[{"href":"https:\/\/alteritas.net\/pastis\/wp-json\/wp\/v2\/types\/page"}],"author":[{"embeddable":true,"href":"https:\/\/alteritas.net\/pastis\/wp-json\/wp\/v2\/users\/1"}],"replies":[{"embeddable":true,"href":"https:\/\/alteritas.net\/pastis\/wp-json\/wp\/v2\/comments?post=3973"}],"version-history":[{"count":1,"href":"https:\/\/alteritas.net\/pastis\/wp-json\/wp\/v2\/pages\/3973\/revisions"}],"predecessor-version":[{"id":3974,"href":"https:\/\/alteritas.net\/pastis\/wp-json\/wp\/v2\/pages\/3973\/revisions\/3974"}],"up":[{"embeddable":true,"href":"https:\/\/alteritas.net\/pastis\/wp-json\/wp\/v2\/pages\/3531"}],"wp:attachment":[{"href":"https:\/\/alteritas.net\/pastis\/wp-json\/wp\/v2\/media?parent=3973"}],"curies":[{"name":"wp","href":"https:\/\/api.w.org\/{rel}","templated":true}]}}