{"id":4716,"date":"2023-03-01T13:55:44","date_gmt":"2023-03-01T21:55:44","guid":{"rendered":"https:\/\/alteritas.net\/pastis\/?page_id=4716"},"modified":"2024-11-09T13:34:29","modified_gmt":"2024-11-09T21:34:29","slug":"rien-nempeche","status":"publish","type":"page","link":"https:\/\/alteritas.net\/pastis\/rien-nempeche\/","title":{"rendered":"Rien n&#8217;emp\u00eache"},"content":{"rendered":"<p><span style=\"color: #333399;\"><em>Fresh from composing <\/em><a style=\"color: #333399;\" href=\"https:\/\/alteritas.net\/entwistedtongues\/skinny-dipping-with-alligators\/\">Skinny-Dipping with Alligators<\/a><em>, a satire in the East Texas vernacular of my youth, I decided I needed to re-boot and re-tool by writing in Montreal French. Follows then the first two passages of <\/em>Rien n&#8217;emp\u00eache : Contes de Montr\u00e9al dans les ann\u00e9es soixante-dix.<em> They will be supplemented as the project develops.<\/em><\/span><\/p>\n<p style=\"text-align: center;\">*<\/p>\n<p>Les mains ont dix doigts, un de plus que requis<span class=\"Apple-converted-space\"><br \/>\n<\/span>Pour compter les cons\u00e9quences de notre comique<br \/>\nConvoitise. Pamphile Racine avait entam\u00e9 la vie<span class=\"Apple-converted-space\"><br \/>\n<\/span>Sexuelle sans le luxe de la contraception chemique.<\/p>\n<p>Dans ces ann\u00e9es de menstruations caprieuses,<span class=\"Apple-converted-space\"><br \/>\n<\/span>D\u00e9clench\u00e9es, il en \u00e9tait convaincu, par les lubies<br \/>\nDes femmes espi\u00e8gles mais astucieuses <span class=\"Apple-converted-space\"><br \/>\n<\/span>Avec lesquelles il couchait, le spectre ressenti<\/p>\n<p>De la fertilit\u00e9 fut suspendu comme le mythique<span class=\"Apple-converted-space\"><br \/>\n<\/span><span style=\"font-size: 1rem;\">\u00c9p\u00e9e de Damocl\u00e8s au-dessus de sa mal voulue<br \/>\n<\/span>Fuite de son pays inexistant mais claustrophobique.<br \/>\nIl tirait une longue haleine. Ce temps-l\u00e0 \u00e9tait r\u00e9volu!<\/p>\n<p>Gr\u00e2ce \u00e0 la pilule, quiconque baisait avec n&#8217;importe qui,<br \/>\nDu moins figurativement. Mais dans le monde concret<span class=\"Apple-converted-space\"><br \/>\n<\/span>On ne pouvait pas prendre le quiconque pr\u00e9cis<span class=\"Apple-converted-space\"><br \/>\n<\/span>Qu&#8217;on avait envie de baiser dans ses bras discrets.<\/p>\n<p>D&#8217;o\u00f9 le probl\u00e8me qui tracassait notre Pamphile.<br \/>\nCelle qu&#8217;il voulait ne le voulait pas, lui.<br \/>\nMarie-Qu\u00e9bec (n\u00e9e Marie-France) \u00e9tait x\u00e9nophile, <span class=\"Apple-converted-space\"><br \/>\n<\/span>Et lui ne mesurait pas au niveau de l&#8217;autrui.<\/p>\n<p>Quant \u00e0 la claustrophobie occasionn\u00e9e par son pays<br \/>\n(Mot comme chose qui n&#8217;a pas de rime exact), Paris<br \/>\n<span style=\"font-size: 1rem;\">L&#8217;en avait gu\u00e9ri. Paris, l\u00e0 o\u00f9 les gens \u00e9blouis<br \/>\n<\/span>De son accent s&#8217;en moquent tout en faisant a priori<\/p>\n<p>L&#8217;\u00e9loge du bon vieux fran\u00e7ais tel que parl\u00e9<span class=\"Apple-converted-space\"><br \/>\n<\/span><span style=\"font-size: 1rem;\">Au 17\u00e8me. Vivant comme des vers dans des ruines <\/span><br \/>\nD\u00e9labr\u00e9es o\u00f9 les chiottes n&#8217;ont jamais du papier-<br \/>\nIls appellent Quaker Oats ce qui n&#8217;est que la gruine!<span style=\"font-size: 1rem;\">\u00a0 \u00a0\u00a0<\/span><\/p>\n<p>Pamphile restait dans la rue du Souvenir, cul de sac<br \/>\nTout pr\u00e8s du Forum. Les soir\u00e9es des matchs<br \/>\nDes foul\u00e9es fous y descendaient, chaque<br \/>\nFan \u00e9quip\u00e9 de chandails, de tuques ou de patchs<\/p>\n<p>Color\u00e9s rouge et bleu. Pour \u00e9viter cette mar\u00e9e<span class=\"Apple-converted-space\"><br \/>\n<\/span><span style=\"font-size: 1rem;\">Il aurait d\u00fb rester dans son appart modique<br \/>\n<\/span>O\u00f9 les murs se s\u00e9paraient des planchers d\u00e9form\u00e9s.<br \/>\nPar ces \u00e9carts minces ne passaient pas des rats sadiques<\/p>\n<p>Mais des cafards si, des blattes, quoi! Des coquerelles<br \/>\n<span style=\"font-size: 1rem;\">Qui grouillaient. Bien que sales, ils ne piquaient<br \/>\n<\/span>Pas et il avait fini par les assimiler aux sauterelles.<br \/>\nTout en ayant fait la tr\u00e8ve avec ces non-invit\u00e9s criquets,<\/p>\n<p>Il pr\u00e9f\u00e9rait s&#8217;esquiver les soir\u00e9es de hockey r\u00e9tro<br \/>\n<span style=\"font-size: 1rem;\">Pour chercher des copains, mieux des copines id\u00e9ales.<br \/>\n<\/span>Un beau soir, donc, il se retrouva dans une rame de m\u00e9tro<br \/>\nEn direction Berry-de Montigny, axe tournant de Montr\u00e9al,<\/p>\n<p>Porte aux coins moins anglophones de la grande Ville.<br \/>\nIl faisait sinon un froid de loup au moins un de chien.<br \/>\nBien emmitoufl\u00e9, col mont\u00e9, il entra dans la Tour de Babille,<br \/>\nSon abreuvoir favori des derniers temps. Pas de musiciens.<\/p>\n<p>Que les bruits feutr\u00e9s des buveurs. Le ma\u00eetre du c\u00e9ans, <span class=\"Apple-converted-space\"><br \/>\n<\/span>Que Pamphile connaissait par un cour de philo<br \/>\n\u00c0 l&#8217;UQAM, n&#8217;\u00e9tait pas dedans. \u00c0 sa place, un g\u00e9ant<br \/>\nTenait le bar. Il y avaient beaucoup de populo.<\/p>\n<p>Il prit son tabouret habituel \u00e0 l&#8217;angle du bar. Le barman,<br \/>\nToutefois gentil, demanda sa pr\u00e9dilection. \u00abUne 50\u00bb<span class=\"Apple-converted-space\"><br \/>\n<\/span>A-t-il r\u00e9pondu. Il avait h\u00e9sit\u00e9 devant son choix de la manne<br \/>\n<span style=\"font-size: 1rem;\">\u00c0 faire descendre sur le zinc. La soir\u00e9e serait cahotante<\/span><\/p>\n<p>Et, il esp\u00e9rait, cochonne. Partir tout paquet\u00e9<br \/>\n<span style=\"font-size: 1rem;\">D\u00e8s le d\u00e9but n&#8217;aurait pas \u00e9t\u00e9 sage. Le hockey<\/span><br \/>\nL&#8217;avait pourtant suivi jusqu&#8217;au petit \u00e9cran juch\u00e9<br \/>\n<span style=\"font-size: 1rem;\">Au-dessus des bouteilles assorties et des colifichets<\/span><\/p>\n<p>K\u00e9taines. Heureusement, on en avait baiss\u00e9 le son.<br \/>\nC&#8217;est comme \u00e7a qu&#8217;il aimait les sports, au muet.<br \/>\nObjet \u00e0 zieuter, ou pas, mais jamais dans l&#8217;unison<br \/>\nDes fans qui mettent leur t\u00eates ensemble pour huer.<\/p>\n<p>Peut-\u00eatre allait-il ce soir gagner le jack-pot,<br \/>\nC\u00f4t\u00e9 nanas. Du moins il se sentait corn\u00e9.<br \/>\nEt le d\u00e9sir, agissant sur des attentes comme despote,<br \/>\nPeut poser une fantasie devant nos yeux born\u00e9s.<\/p>\n<p style=\"text-align: center;\">.<\/p>\n<p><strong>Narcisse L&#8217;Heureux<\/strong> n&#8217;avait pas la moindre once<br \/>\nDe philosophie dans son corps. Elle cherchait<br \/>\nToutefois \u00e0 ce dilemme classique une ad\u00e9quate r\u00e9ponse :<br \/>\nComment faire la part entre ce que les gens disaient<\/p>\n<p>Et ce qu&#8217;ils veulent dire. Elle \u00e9tait speakerine<span class=\"Apple-converted-space\"><br \/>\n<\/span>\u00c0 la t\u00e9l\u00e9, pas journaliste. Mais elle prenait pour acquis<span class=\"Apple-converted-space\"><br \/>\n<\/span>Qu&#8217;elle devrait suivre la v\u00e9rit\u00e9, comme \u00e2me p\u00e8lerine,<br \/>\nLa faissant \u00e9merger des faits que par une sorte de ventriloquie<\/p>\n<p>Elle d\u00e9bitait chaque soir. Elle savait qu&#8217;elle \u00e9tait, comme rh\u00e9teur,<br \/>\nBelle. <i>C&#8217;est-tu d&#8217;ma faute?<\/i> se demanda-t-elle chaque fois<br \/>\nQu&#8217;un mec la lorgneait. Sans rien dire des t\u00e9l\u00e9spectateurs.<br \/>\nDes milliers, dont une bonne partie croyaient de bonne foi<\/p>\n<p>Que beaut\u00e9 \u00e9gale v\u00e9rit\u00e9, v\u00e9rit\u00e9 beaut\u00e9. Bla, bla, bla.<span class=\"Apple-converted-space\"><br \/>\n<\/span>\u00c7a avait des avantages, par exemple son boulot<br \/>\nEt les piasses qui venaient avec, mais aussi, au-del\u00e0<br \/>\nDu fait qu&#8217;elle devait endurer le sacr\u00e9 culot<span class=\"Apple-converted-space\">\u00a0 \u00a0<\/span><\/p>\n<p>De maints losers qui prenaient leurs attentes pour \u00abde vraies\u00bb,<br \/>\nDes mecs qu&#8217;elle aurait bien aim\u00e9 connaitre, y compris<br \/>\nDans le sens biblique, l&#8217;\u00e9vitaient, vaudra ce que vaudra<br \/>\n<span style=\"font-size: 1rem;\">Son charme. De sa part, elle visait un chum \u00e0 qui<\/span><\/p>\n<p>Elle pouvait dire face \u00e0 face, honn\u00eatement, <i>Je t&#8217;aimais <span class=\"Apple-converted-space\"><br \/>\n<\/span><\/i><i>Pas pour tes beaux yeux. <\/i>Quelqu&#8217;un qui l&#8217;aimerait, elle, ainsi.<\/p>\n<p>&#8230;<\/p>\n<!-- AddThis Advanced Settings generic via filter on the_content --><!-- AddThis Share Buttons generic via filter on the_content -->","protected":false},"excerpt":{"rendered":"<p>Fresh from composing Skinny-Dipping with Alligators, a satire in the East Texas vernacular of my youth, I decided I needed to re-boot and re-tool by writing in Montreal French. Follows then the first two passages of Rien n&#8217;emp\u00eache : Contes de Montr\u00e9al dans les ann\u00e9es soixante-dix. They will be supplemented as the project develops. * &hellip; <\/p>\n<p class=\"link-more\"><a href=\"https:\/\/alteritas.net\/pastis\/rien-nempeche\/\" class=\"more-link\">Continue reading<span class=\"screen-reader-text\"> &#8220;Rien n&#8217;emp\u00eache&#8221;<\/span><\/a><\/p>\n<p><!-- AddThis Advanced Settings generic via filter on get_the_excerpt --><!-- AddThis Share Buttons generic via filter on get_the_excerpt --><\/p>\n","protected":false},"author":1,"featured_media":0,"parent":0,"menu_order":0,"comment_status":"closed","ping_status":"closed","template":"","meta":{"footnotes":""},"class_list":["post-4716","page","type-page","status-publish","hentry"],"_links":{"self":[{"href":"https:\/\/alteritas.net\/pastis\/wp-json\/wp\/v2\/pages\/4716","targetHints":{"allow":["GET"]}}],"collection":[{"href":"https:\/\/alteritas.net\/pastis\/wp-json\/wp\/v2\/pages"}],"about":[{"href":"https:\/\/alteritas.net\/pastis\/wp-json\/wp\/v2\/types\/page"}],"author":[{"embeddable":true,"href":"https:\/\/alteritas.net\/pastis\/wp-json\/wp\/v2\/users\/1"}],"replies":[{"embeddable":true,"href":"https:\/\/alteritas.net\/pastis\/wp-json\/wp\/v2\/comments?post=4716"}],"version-history":[{"count":12,"href":"https:\/\/alteritas.net\/pastis\/wp-json\/wp\/v2\/pages\/4716\/revisions"}],"predecessor-version":[{"id":5005,"href":"https:\/\/alteritas.net\/pastis\/wp-json\/wp\/v2\/pages\/4716\/revisions\/5005"}],"wp:attachment":[{"href":"https:\/\/alteritas.net\/pastis\/wp-json\/wp\/v2\/media?parent=4716"}],"curies":[{"name":"wp","href":"https:\/\/api.w.org\/{rel}","templated":true}]}}