{"id":63,"date":"2012-05-07T19:59:04","date_gmt":"2012-05-08T02:59:04","guid":{"rendered":"http:\/\/localhost:8888\/?page_id=63"},"modified":"2017-10-13T16:05:06","modified_gmt":"2017-10-13T23:05:06","slug":"memory-the-mockingbird","status":"publish","type":"page","link":"https:\/\/alteritas.net\/pastis\/memory-the-mockingbird\/","title":{"rendered":"Memory the Mockingbird"},"content":{"rendered":"<p style=\"text-align: left;\"><strong><a href=\"http:\/\/alteritas.net\/pastis\/?page_id=89\">Alba<\/a><\/strong><strong><br \/>\n<a href=\"http:\/\/alteritas.net\/pastis\/?page_id=1864\">Biota<\/a><br \/>\n<a href=\"http:\/\/alteritas.net\/pastis\/?page_id=1648\">Brush-off<\/a><\/strong><br \/>\n<strong><a href=\"http:\/\/alteritas.net\/pastis\/?page_id=170\">Chinon<br \/>\n<\/a><a href=\"http:\/\/alteritas.net\/pastis\/?page_id=1808\">Coupling<\/a><\/strong><br \/>\n<a href=\"http:\/\/alteritas.net\/pastis\/?page_id=775\"><strong>Early or Late You Woke<\/strong><\/a><br \/>\n<a style=\"font-weight: bold;\" href=\"http:\/\/alteritas.net\/pastis\/?page_id=111\">Edge<\/a><br \/>\n<a href=\"http:\/\/alteritas.net\/pastis\/?page_id=122\"><strong>Elective Affinities<\/strong><\/a><br \/>\n<a href=\"http:\/\/alteritas.net\/pastis\/?page_id=711\"><strong>Epithalamium<\/strong><\/a><strong><a href=\"http:\/\/alteritas.net\/pastis\/memory-the-mockingbird\/fiberglass-birchbarks\/\"><br \/>\n<\/a><\/strong><strong><a href=\"http:\/\/alteritas.net\/pastis\/?page_id=882\">Gist of My Yen<\/a><a href=\"http:\/\/alteritas.net\/pastis\/?page_id=711\"><br \/>\n<\/a><\/strong><strong><a href=\"http:\/\/alteritas.net\/pastis\/?page_id=1925\">Gladiola<\/a><\/strong><br \/>\n<a href=\"http:\/\/alteritas.net\/pastis\/?page_id=247\"><strong>Golden Gate<\/strong><\/a><br \/>\n<a href=\"http:\/\/alteritas.net\/pastis\/?page_id=761\"><strong> Imprecation<\/strong><\/a><br \/>\n<strong><a href=\"http:\/\/alteritas.net\/pastis\/?page_id=220\"> Incubus and Succubus: Two Sonnets<br \/>\n<\/a><\/strong><strong><a href=\"http:\/\/alteritas.net\/pastis\/?page_id=1655\">Inventory<\/a><\/strong><strong style=\"line-height: 1.5;\"><br \/>\n<\/strong><strong style=\"line-height: 1.5;\"><a style=\"line-height: 1.5;\" href=\"http:\/\/alteritas.net\/pastis\/?page_id=709\">L&#8217;\u00c9ternit\u00e9<br \/>\n<\/a><\/strong><strong style=\"line-height: 1.5;\"><a href=\"http:\/\/alteritas.net\/pastis\/memory-the-mockingbird\/lysergic-vision\/\">Lysergic Vision<\/a><a style=\"line-height: 1.5;\" href=\"http:\/\/alteritas.net\/pastis\/?page_id=709\"><br \/>\n<\/a><\/strong><strong style=\"line-height: 1.5;\"><a style=\"line-height: 1.5;\" href=\"http:\/\/alteritas.net\/pastis\/?page_id=95\">May Snow<br \/>\n<\/a><\/strong><strong style=\"line-height: 1.5;\"><a style=\"line-height: 1.5;\" href=\"http:\/\/alteritas.net\/pastis\/?page_id=103\">Memory the Mockingbird<br \/>\n<\/a><a href=\"http:\/\/alteritas.net\/pastis\/?page_id=1710\">Nautilus<br \/>\n<\/a><\/strong><strong style=\"line-height: 1.5;\"><a href=\"http:\/\/alteritas.net\/pastis\/memory-the-mockingbird\/oracle\/\">Oracle<\/a><br \/>\n<\/strong><strong style=\"line-height: 1.5;\"><a style=\"line-height: 1.5;\" href=\"http:\/\/alteritas.net\/pastis\/?page_id=332\">Orthodox Cemetery at Fort Ross<\/a><\/strong><strong style=\"line-height: 1.5;\"><a style=\"line-height: 1.5;\" href=\"http:\/\/alteritas.net\/pastis\/?page_id=157\"><br \/>\n<\/a><a href=\"http:\/\/alteritas.net\/pastis\/?page_id=306\">Puss and Boots<br \/>\n<\/a><a href=\"http:\/\/alteritas.net\/pastis\/memory-the-mockingbird\/quebec\/\"><strong>Qu\u00e9bec<\/strong><\/a><\/strong><br \/>\n<strong style=\"line-height: 1.5;\"><a style=\"line-height: 1.5;\" href=\"http:\/\/alteritas.net\/pastis\/?page_id=166\">Shrines<br \/>\n<\/a><\/strong><strong style=\"line-height: 1.5;\"><a href=\"http:\/\/alteritas.net\/pastis\/memory-the-mockingbird\/skywriting\/\">Skywriting<\/a><a style=\"line-height: 1.5;\" href=\"http:\/\/alteritas.net\/pastis\/?page_id=166\"><br \/>\n<\/a><\/strong><strong style=\"line-height: 1.5;\"><a style=\"line-height: 1.5;\" href=\"http:\/\/alteritas.net\/pastis\/?page_id=329\">So the Shudder<br \/>\n<\/a><\/strong><strong style=\"line-height: 1.5;\"><a href=\"http:\/\/alteritas.net\/pastis\/memory-the-mockingbird\/sully-morand-1972\/\">Sully-Morland, 1972<\/a><a style=\"line-height: 1.5;\" href=\"http:\/\/alteritas.net\/pastis\/?page_id=329\"><br \/>\n<\/a><a href=\"http:\/\/alteritas.net\/pastis\/memory-the-mockingbird\/old-highway\/\">Thoroughfares<\/a><a style=\"line-height: 1.5;\" href=\"http:\/\/alteritas.net\/pastis\/?page_id=329\"><br \/>\n<\/a><\/strong><strong style=\"line-height: 1.5;\"><a style=\"line-height: 1.5;\" href=\"http:\/\/alteritas.net\/pastis\/?page_id=271\">Urbane Martini<br \/>\n<\/a><\/strong><strong><a href=\"http:\/\/alteritas.net\/pastis\/memory-the-mockingbird\/why-we-call-it-what-it-is\/\">Why We Call It What It Is<br \/>\n<\/a><\/strong><strong><a href=\"http:\/\/alteritas.net\/pastis\/memory-the-mockingbird\/53-5-n-113-5-w\/\">53.5\u00b0 N, 113.5\u00b0 W<\/a><\/strong><\/p>\n<div class=\"post_body\"><\/div>\n<p><strong>\u00a0<\/strong><\/p>\n<!-- AddThis Advanced Settings generic via filter on the_content --><!-- AddThis Share Buttons generic via filter on the_content -->","protected":false},"excerpt":{"rendered":"<p>Alba Biota Brush-off Chinon Coupling Early or Late You Woke Edge Elective Affinities Epithalamium Gist of My Yen Gladiola Golden Gate Imprecation Incubus and Succubus: Two Sonnets Inventory L&#8217;\u00c9ternit\u00e9 Lysergic Vision May Snow Memory the Mockingbird Nautilus Oracle Orthodox Cemetery at Fort Ross Puss and Boots Qu\u00e9bec Shrines Skywriting So the Shudder Sully-Morland, 1972 Thoroughfares &hellip; <\/p>\n<p class=\"link-more\"><a href=\"https:\/\/alteritas.net\/pastis\/memory-the-mockingbird\/\" class=\"more-link\">Continue reading<span class=\"screen-reader-text\"> &#8220;Memory the Mockingbird&#8221;<\/span><\/a><\/p>\n<p><!-- AddThis Advanced Settings generic via filter on get_the_excerpt --><!-- AddThis Share Buttons generic via filter on get_the_excerpt --><\/p>\n","protected":false},"author":2,"featured_media":0,"parent":0,"menu_order":0,"comment_status":"open","ping_status":"open","template":"","meta":{"footnotes":""},"class_list":["post-63","page","type-page","status-publish","hentry"],"_links":{"self":[{"href":"https:\/\/alteritas.net\/pastis\/wp-json\/wp\/v2\/pages\/63","targetHints":{"allow":["GET"]}}],"collection":[{"href":"https:\/\/alteritas.net\/pastis\/wp-json\/wp\/v2\/pages"}],"about":[{"href":"https:\/\/alteritas.net\/pastis\/wp-json\/wp\/v2\/types\/page"}],"author":[{"embeddable":true,"href":"https:\/\/alteritas.net\/pastis\/wp-json\/wp\/v2\/users\/2"}],"replies":[{"embeddable":true,"href":"https:\/\/alteritas.net\/pastis\/wp-json\/wp\/v2\/comments?post=63"}],"version-history":[{"count":140,"href":"https:\/\/alteritas.net\/pastis\/wp-json\/wp\/v2\/pages\/63\/revisions"}],"predecessor-version":[{"id":3299,"href":"https:\/\/alteritas.net\/pastis\/wp-json\/wp\/v2\/pages\/63\/revisions\/3299"}],"wp:attachment":[{"href":"https:\/\/alteritas.net\/pastis\/wp-json\/wp\/v2\/media?parent=63"}],"curies":[{"name":"wp","href":"https:\/\/api.w.org\/{rel}","templated":true}]}}