{"id":691,"date":"2014-04-18T14:14:00","date_gmt":"2014-04-18T21:14:00","guid":{"rendered":"http:\/\/alteritas.net\/pastis\/?page_id=691"},"modified":"2018-01-24T14:30:01","modified_gmt":"2018-01-24T22:30:01","slug":"ivan-golls-headstone","status":"publish","type":"page","link":"https:\/\/alteritas.net\/pastis\/translations\/ivan-golls-headstone\/","title":{"rendered":"Ivan Goll&#8217;s Headstone"},"content":{"rendered":"<p><span style=\"color: #000000;\">I lasted only as long as spume<\/span><br \/>\n<span style=\"color: #000000;\"> the lips of waves spew onto a beach.<\/span><br \/>\n<span style=\"color: #000000;\"> Born under no star into moonless gloom,<\/span><br \/>\n<span style=\"color: #000000;\"> my name was but a sputter, a screech.<\/span><\/p>\n<p><span style=\"color: #000000;\"><b>From the epitaph in P\u00e8re Lachaise:<\/b><\/span><\/p>\n<p><span style=\"color: #000000;\"><i>Je n&#8217;aurai pas dur\u00e9 plus que l&#8217;\u00e9cume<br \/>\n<\/i><i>Aux l\u00e8vres de la vague sur le sable<br \/>\n<\/i><i>N\u00e9 sous aucune \u00e9toile un soir sans lune<br \/>\n<\/i><i>Mon nom ne fut qu&#8217;un sanglot p\u00e9rissable<\/i><\/span><\/p>\n<p><span style=\"color: #000000;\"><i>\u00a0<\/i><\/span><\/p>\n<!-- AddThis Advanced Settings generic via filter on the_content --><!-- AddThis Share Buttons generic via filter on the_content -->","protected":false},"excerpt":{"rendered":"<p>I lasted only as long as spume the lips of waves spew onto a beach. Born under no star into moonless gloom, my name was but a sputter, a screech. From the epitaph in P\u00e8re Lachaise: Je n&#8217;aurai pas dur\u00e9 plus que l&#8217;\u00e9cume Aux l\u00e8vres de la vague sur le sable N\u00e9 sous aucune \u00e9toile &hellip; <\/p>\n<p class=\"link-more\"><a href=\"https:\/\/alteritas.net\/pastis\/translations\/ivan-golls-headstone\/\" class=\"more-link\">Continue reading<span class=\"screen-reader-text\"> &#8220;Ivan Goll&#8217;s Headstone&#8221;<\/span><\/a><\/p>\n<p><!-- AddThis Advanced Settings generic via filter on get_the_excerpt --><!-- AddThis Share Buttons generic via filter on get_the_excerpt --><\/p>\n","protected":false},"author":1,"featured_media":0,"parent":3531,"menu_order":0,"comment_status":"closed","ping_status":"open","template":"","meta":{"footnotes":""},"class_list":["post-691","page","type-page","status-publish","hentry"],"_links":{"self":[{"href":"https:\/\/alteritas.net\/pastis\/wp-json\/wp\/v2\/pages\/691","targetHints":{"allow":["GET"]}}],"collection":[{"href":"https:\/\/alteritas.net\/pastis\/wp-json\/wp\/v2\/pages"}],"about":[{"href":"https:\/\/alteritas.net\/pastis\/wp-json\/wp\/v2\/types\/page"}],"author":[{"embeddable":true,"href":"https:\/\/alteritas.net\/pastis\/wp-json\/wp\/v2\/users\/1"}],"replies":[{"embeddable":true,"href":"https:\/\/alteritas.net\/pastis\/wp-json\/wp\/v2\/comments?post=691"}],"version-history":[{"count":4,"href":"https:\/\/alteritas.net\/pastis\/wp-json\/wp\/v2\/pages\/691\/revisions"}],"predecessor-version":[{"id":3544,"href":"https:\/\/alteritas.net\/pastis\/wp-json\/wp\/v2\/pages\/691\/revisions\/3544"}],"up":[{"embeddable":true,"href":"https:\/\/alteritas.net\/pastis\/wp-json\/wp\/v2\/pages\/3531"}],"wp:attachment":[{"href":"https:\/\/alteritas.net\/pastis\/wp-json\/wp\/v2\/media?parent=691"}],"curies":[{"name":"wp","href":"https:\/\/api.w.org\/{rel}","templated":true}]}}