{"id":741,"date":"2014-04-18T16:23:22","date_gmt":"2014-04-18T23:23:22","guid":{"rendered":"http:\/\/alteritas.net\/pastis\/?page_id=741"},"modified":"2018-01-24T14:48:31","modified_gmt":"2018-01-24T22:48:31","slug":"sensei-the-serene","status":"publish","type":"page","link":"https:\/\/alteritas.net\/pastis\/translations\/sensei-the-serene\/","title":{"rendered":"Sensei, the Serene"},"content":{"rendered":"<p><span style=\"color: #000000;\">Sensei,\u00a0the serene<\/span><br \/>\n<span style=\"color: #000000;\"> hours\u00a0we spend\u00a0are<\/span><br \/>\n<span style=\"color: #000000;\"> not\u00a0lost\u00a0if\u00a0we lose\u00a0them<\/span><br \/>\n<span style=\"color: #000000;\"> like\u00a0we\u00a0lose\u00a0the flowers<\/span><br \/>\n<span style=\"color: #000000;\"> we choose and cut<\/span><br \/>\n<span style=\"color: #000000;\"> to\u00a0put\u00a0in a\u00a0vase.<\/span><\/p>\n<p><span style=\"color: #000000;\"><strong>After Ricardo Reis (Fernando Pessoa)<\/strong><\/span><\/p>\n<p><span style=\"color: #000000;\"><em>Mestre, s\u00e3o pl\u00e1cidas<br \/>\n<\/em><em>Todas as horas<br \/>\n<\/em><em>Que n\u00f3s perdemos,<br \/>\n<\/em><em>Se no perd\u00ea-las,<br \/>\n<\/em><em>Qual numa jarra,<br \/>\n<\/em><em>N\u00f3s pomos flores.<\/em><\/span><\/p>\n<!-- AddThis Advanced Settings generic via filter on the_content --><!-- AddThis Share Buttons generic via filter on the_content -->","protected":false},"excerpt":{"rendered":"<p>Sensei,\u00a0the serene hours\u00a0we spend\u00a0are not\u00a0lost\u00a0if\u00a0we lose\u00a0them like\u00a0we\u00a0lose\u00a0the flowers we choose and cut to\u00a0put\u00a0in a\u00a0vase. After Ricardo Reis (Fernando Pessoa) Mestre, s\u00e3o pl\u00e1cidas Todas as horas Que n\u00f3s perdemos, Se no perd\u00ea-las, Qual numa jarra, N\u00f3s pomos flores.<!-- AddThis Advanced Settings generic via filter on get_the_excerpt --><!-- AddThis Share Buttons generic via filter on get_the_excerpt --><\/p>\n","protected":false},"author":1,"featured_media":0,"parent":3531,"menu_order":0,"comment_status":"closed","ping_status":"open","template":"","meta":{"footnotes":""},"class_list":["post-741","page","type-page","status-publish","hentry"],"_links":{"self":[{"href":"https:\/\/alteritas.net\/pastis\/wp-json\/wp\/v2\/pages\/741","targetHints":{"allow":["GET"]}}],"collection":[{"href":"https:\/\/alteritas.net\/pastis\/wp-json\/wp\/v2\/pages"}],"about":[{"href":"https:\/\/alteritas.net\/pastis\/wp-json\/wp\/v2\/types\/page"}],"author":[{"embeddable":true,"href":"https:\/\/alteritas.net\/pastis\/wp-json\/wp\/v2\/users\/1"}],"replies":[{"embeddable":true,"href":"https:\/\/alteritas.net\/pastis\/wp-json\/wp\/v2\/comments?post=741"}],"version-history":[{"count":4,"href":"https:\/\/alteritas.net\/pastis\/wp-json\/wp\/v2\/pages\/741\/revisions"}],"predecessor-version":[{"id":3558,"href":"https:\/\/alteritas.net\/pastis\/wp-json\/wp\/v2\/pages\/741\/revisions\/3558"}],"up":[{"embeddable":true,"href":"https:\/\/alteritas.net\/pastis\/wp-json\/wp\/v2\/pages\/3531"}],"wp:attachment":[{"href":"https:\/\/alteritas.net\/pastis\/wp-json\/wp\/v2\/media?parent=741"}],"curies":[{"name":"wp","href":"https:\/\/api.w.org\/{rel}","templated":true}]}}