{"id":769,"date":"2014-04-18T16:36:32","date_gmt":"2014-04-18T23:36:32","guid":{"rendered":"http:\/\/alteritas.net\/pastis\/?page_id=769"},"modified":"2018-01-24T14:27:23","modified_gmt":"2018-01-24T22:27:23","slug":"exile","status":"publish","type":"page","link":"https:\/\/alteritas.net\/pastis\/translations\/exile\/","title":{"rendered":"Heine&#8217;s Exile"},"content":{"rendered":"<p><span style=\"color: #000000;\">Suavely through my mind<\/span><br \/>\n<span style=\"color: #000000;\">slips the lovely\u00a0sound<br \/>\n<\/span><span style=\"color: #000000;\">of a song of Spring.<\/span><br \/>\n<span style=\"color: #000000;\">Let it ring out wide,<\/span><\/p>\n<p><span style=\"color: #000000;\">reach that distant home<\/span><br \/>\n<span style=\"color: #000000;\">where flowers bloom.<br \/>\n<\/span><span style=\"color: #000000;\">Come upon a rose,<\/span><br \/>\n<span style=\"color: #000000;\">let it greet her for me.<\/span><\/p>\n<p><strong style=\"color: #000000; line-height: 1.5;\">After Heinrich Heine<\/strong><\/p>\n<p><span style=\"color: #000000;\"><em>Leise zieht durch mein Gem\u00fct<\/em><\/span><br \/>\n<span style=\"color: #000000;\"> <em>Liebliches Gel\u00e4ute.<\/em><\/span><br \/>\n<span style=\"color: #000000;\"> <em>Klinge, kleines Fr\u00fchlingslied,<\/em><\/span><br \/>\n<span style=\"color: #000000;\"> <em>Kling hinaus ins Weite.<\/em><\/span><\/p>\n<p><span style=\"color: #000000;\"><em>Kling hinaus, bis an das Haus,<\/em><\/span><br \/>\n<span style=\"color: #000000;\"> <em>Wo die Blumen sprie\u00dfen,<\/em><\/span><br \/>\n<span style=\"color: #000000;\"> <em>Wenn du eine Rose schaust,<\/em><\/span><br \/>\n<span style=\"color: #000000;\"> <em>Sag, ich la\u00df sie gr\u00fc\u00dfen.<\/em><\/span><\/p>\n<!-- AddThis Advanced Settings generic via filter on the_content --><!-- AddThis Share Buttons generic via filter on the_content -->","protected":false},"excerpt":{"rendered":"<p>Suavely through my mind slips the lovely\u00a0sound of a song of Spring. Let it ring out wide, reach that distant home where flowers bloom. Come upon a rose, let it greet her for me. After Heinrich Heine Leise zieht durch mein Gem\u00fct Liebliches Gel\u00e4ute. Klinge, kleines Fr\u00fchlingslied, Kling hinaus ins Weite. Kling hinaus, bis an &hellip; <\/p>\n<p class=\"link-more\"><a href=\"https:\/\/alteritas.net\/pastis\/translations\/exile\/\" class=\"more-link\">Continue reading<span class=\"screen-reader-text\"> &#8220;Heine&#8217;s Exile&#8221;<\/span><\/a><\/p>\n<p><!-- AddThis Advanced Settings generic via filter on get_the_excerpt --><!-- AddThis Share Buttons generic via filter on get_the_excerpt --><\/p>\n","protected":false},"author":1,"featured_media":0,"parent":3531,"menu_order":0,"comment_status":"closed","ping_status":"open","template":"","meta":{"footnotes":""},"class_list":["post-769","page","type-page","status-publish","hentry"],"_links":{"self":[{"href":"https:\/\/alteritas.net\/pastis\/wp-json\/wp\/v2\/pages\/769","targetHints":{"allow":["GET"]}}],"collection":[{"href":"https:\/\/alteritas.net\/pastis\/wp-json\/wp\/v2\/pages"}],"about":[{"href":"https:\/\/alteritas.net\/pastis\/wp-json\/wp\/v2\/types\/page"}],"author":[{"embeddable":true,"href":"https:\/\/alteritas.net\/pastis\/wp-json\/wp\/v2\/users\/1"}],"replies":[{"embeddable":true,"href":"https:\/\/alteritas.net\/pastis\/wp-json\/wp\/v2\/comments?post=769"}],"version-history":[{"count":12,"href":"https:\/\/alteritas.net\/pastis\/wp-json\/wp\/v2\/pages\/769\/revisions"}],"predecessor-version":[{"id":3541,"href":"https:\/\/alteritas.net\/pastis\/wp-json\/wp\/v2\/pages\/769\/revisions\/3541"}],"up":[{"embeddable":true,"href":"https:\/\/alteritas.net\/pastis\/wp-json\/wp\/v2\/pages\/3531"}],"wp:attachment":[{"href":"https:\/\/alteritas.net\/pastis\/wp-json\/wp\/v2\/media?parent=769"}],"curies":[{"name":"wp","href":"https:\/\/api.w.org\/{rel}","templated":true}]}}