{"id":899,"date":"2014-08-24T09:09:57","date_gmt":"2014-08-24T16:09:57","guid":{"rendered":"http:\/\/alteritas.net\/pastis\/?page_id=899"},"modified":"2018-01-25T14:59:15","modified_gmt":"2018-01-25T22:59:15","slug":"fahrplan","status":"publish","type":"page","link":"https:\/\/alteritas.net\/pastis\/inventory\/fahrplan\/","title":{"rendered":"Fahrplan"},"content":{"rendered":"<p><span style=\"color: #000000;\">Der Tod ist uns<\/span><br \/>\n<span style=\"color: #000000;\"> Bahnhof<\/span><\/p>\n<p><span style=\"color: #000000;\">Diese Reise nach<\/span><br \/>\n<span style=\"color: #000000;\"> der Stille ist ganz<\/span><br \/>\n<span style=\"color: #000000;\"> L\u00e4rm, Licht, Dunkel<\/span><\/p>\n<p><span style=\"color: #000000;\"><i>Fresst, pinkelt, d\u00f6st<\/i><\/span><\/p>\n<p><span style=\"color: #000000;\">Beruf und Befehl<\/span><br \/>\n<span style=\"color: #000000;\"> sind uns W\u00fcnsche<\/span><\/p>\n<p><span style=\"color: #000000;\">Anleitung Umleitung<\/span><\/p>\n<p><span style=\"color: #000000;\"><i>Bitte, steigt<br \/>\n<\/i><i>jetzt um<\/i><\/span><\/p>\n<!-- AddThis Advanced Settings generic via filter on the_content --><!-- AddThis Share Buttons generic via filter on the_content -->","protected":false},"excerpt":{"rendered":"<p>Der Tod ist uns Bahnhof Diese Reise nach der Stille ist ganz L\u00e4rm, Licht, Dunkel Fresst, pinkelt, d\u00f6st Beruf und Befehl sind uns W\u00fcnsche Anleitung Umleitung Bitte, steigt jetzt um<!-- AddThis Advanced Settings generic via filter on get_the_excerpt --><!-- AddThis Share Buttons generic via filter on get_the_excerpt --><\/p>\n","protected":false},"author":1,"featured_media":0,"parent":3496,"menu_order":0,"comment_status":"closed","ping_status":"open","template":"","meta":{"footnotes":""},"class_list":["post-899","page","type-page","status-publish","hentry"],"_links":{"self":[{"href":"https:\/\/alteritas.net\/pastis\/wp-json\/wp\/v2\/pages\/899","targetHints":{"allow":["GET"]}}],"collection":[{"href":"https:\/\/alteritas.net\/pastis\/wp-json\/wp\/v2\/pages"}],"about":[{"href":"https:\/\/alteritas.net\/pastis\/wp-json\/wp\/v2\/types\/page"}],"author":[{"embeddable":true,"href":"https:\/\/alteritas.net\/pastis\/wp-json\/wp\/v2\/users\/1"}],"replies":[{"embeddable":true,"href":"https:\/\/alteritas.net\/pastis\/wp-json\/wp\/v2\/comments?post=899"}],"version-history":[{"count":5,"href":"https:\/\/alteritas.net\/pastis\/wp-json\/wp\/v2\/pages\/899\/revisions"}],"predecessor-version":[{"id":3366,"href":"https:\/\/alteritas.net\/pastis\/wp-json\/wp\/v2\/pages\/899\/revisions\/3366"}],"up":[{"embeddable":true,"href":"https:\/\/alteritas.net\/pastis\/wp-json\/wp\/v2\/pages\/3496"}],"wp:attachment":[{"href":"https:\/\/alteritas.net\/pastis\/wp-json\/wp\/v2\/media?parent=899"}],"curies":[{"name":"wp","href":"https:\/\/api.w.org\/{rel}","templated":true}]}}