{"id":901,"date":"2014-08-24T09:10:43","date_gmt":"2014-08-24T16:10:43","guid":{"rendered":"http:\/\/alteritas.net\/pastis\/?page_id=901"},"modified":"2018-01-25T15:01:43","modified_gmt":"2018-01-25T23:01:43","slug":"wie-lander","status":"publish","type":"page","link":"https:\/\/alteritas.net\/pastis\/inventory\/wie-lander\/","title":{"rendered":"Wie L\u00e4nder"},"content":{"rendered":"<p><span style=\"color: #000000;\">Die Sternbilder sind leer<\/span><br \/>\n<span style=\"color: #000000;\"> und sie f\u00fchlen sich so<\/span><\/p>\n<p><span style=\"color: #000000;\">Obacht! Alln\u00e4chtlich<\/span><\/p>\n<p><span style=\"color: #000000;\">versammeln sie sich<\/span><br \/>\n<span style=\"color: #000000;\"> rund um Astrallagerfeuer<\/span><\/p>\n<p><span style=\"color: #000000;\">verschw\u00f6rende Geschwister<\/span><br \/>\n<span style=\"color: #000000;\"> untr\u00f6stliche Liebhaber<\/span><\/p>\n<p><span style=\"color: #000000;\">ins Leere weggeworfen weit<\/span><br \/>\n<span style=\"color: #000000;\"> von den Leibern der begehrten<\/span><br \/>\n<span style=\"color: #000000;\"> G\u00f6tter und G\u00f6ttinnen<\/span><\/p>\n<p><span style=\"color: #000000;\">schuldig rachedurstig<\/span><\/p>\n<p><span style=\"color: #000000;\">Nichts k\u00f6nnen sie<\/span><br \/>\n<span style=\"color: #000000;\"> gegen diese aber<\/span><\/p>\n<p><span style=\"color: #000000;\">doch gegen uns<\/span><\/p>\n<!-- AddThis Advanced Settings generic via filter on the_content --><!-- AddThis Share Buttons generic via filter on the_content -->","protected":false},"excerpt":{"rendered":"<p>Die Sternbilder sind leer und sie f\u00fchlen sich so Obacht! Alln\u00e4chtlich versammeln sie sich rund um Astrallagerfeuer verschw\u00f6rende Geschwister untr\u00f6stliche Liebhaber ins Leere weggeworfen weit von den Leibern der begehrten G\u00f6tter und G\u00f6ttinnen schuldig rachedurstig Nichts k\u00f6nnen sie gegen diese aber doch gegen uns<!-- AddThis Advanced Settings generic via filter on get_the_excerpt --><!-- AddThis Share Buttons generic via filter on get_the_excerpt --><\/p>\n","protected":false},"author":1,"featured_media":0,"parent":3496,"menu_order":0,"comment_status":"closed","ping_status":"open","template":"","meta":{"footnotes":""},"class_list":["post-901","page","type-page","status-publish","hentry"],"_links":{"self":[{"href":"https:\/\/alteritas.net\/pastis\/wp-json\/wp\/v2\/pages\/901","targetHints":{"allow":["GET"]}}],"collection":[{"href":"https:\/\/alteritas.net\/pastis\/wp-json\/wp\/v2\/pages"}],"about":[{"href":"https:\/\/alteritas.net\/pastis\/wp-json\/wp\/v2\/types\/page"}],"author":[{"embeddable":true,"href":"https:\/\/alteritas.net\/pastis\/wp-json\/wp\/v2\/users\/1"}],"replies":[{"embeddable":true,"href":"https:\/\/alteritas.net\/pastis\/wp-json\/wp\/v2\/comments?post=901"}],"version-history":[{"count":6,"href":"https:\/\/alteritas.net\/pastis\/wp-json\/wp\/v2\/pages\/901\/revisions"}],"predecessor-version":[{"id":3436,"href":"https:\/\/alteritas.net\/pastis\/wp-json\/wp\/v2\/pages\/901\/revisions\/3436"}],"up":[{"embeddable":true,"href":"https:\/\/alteritas.net\/pastis\/wp-json\/wp\/v2\/pages\/3496"}],"wp:attachment":[{"href":"https:\/\/alteritas.net\/pastis\/wp-json\/wp\/v2\/media?parent=901"}],"curies":[{"name":"wp","href":"https:\/\/api.w.org\/{rel}","templated":true}]}}